{"id":6,"date":"2020-12-06T20:09:56","date_gmt":"2020-12-06T20:09:56","guid":{"rendered":"https:\/\/vsneustift.wordpress.com\/?page_id=6"},"modified":"2026-01-03T10:14:20","modified_gmt":"2026-01-03T10:14:20","slug":"home","status":"publish","type":"page","link":"https:\/\/vsneustift.at\/","title":{"rendered":"Aktuelles"},"content":{"rendered":"\n<p style=\"line-height:0\"><\/p>\n\n\n\n<figure class=\"wp-block-image size-large is-resized\"><img loading=\"lazy\" decoding=\"async\" width=\"1024\" height=\"750\" src=\"https:\/\/vsneustift.at\/wp-content\/uploads\/2020\/11\/Bildschirmfoto-2020-11-26-um-11.50.31-1024x750.png\" alt=\"\" class=\"wp-image-498\" srcset=\"https:\/\/vsneustift.at\/wp-content\/uploads\/2020\/11\/Bildschirmfoto-2020-11-26-um-11.50.31-1024x750.png 1024w, https:\/\/vsneustift.at\/wp-content\/uploads\/2020\/11\/Bildschirmfoto-2020-11-26-um-11.50.31-300x220.png 300w, https:\/\/vsneustift.at\/wp-content\/uploads\/2020\/11\/Bildschirmfoto-2020-11-26-um-11.50.31-768x562.png 768w, https:\/\/vsneustift.at\/wp-content\/uploads\/2020\/11\/Bildschirmfoto-2020-11-26-um-11.50.31.png 1358w\" sizes=\"auto, (max-width: 1024px) 100vw, 1024px\" \/><\/figure>\n\n\n\n<figure class=\"wp-block-gallery alignfull has-nested-images columns-3 is-cropped wp-block-gallery-1 is-layout-flex wp-block-gallery-is-layout-flex\">\n<figure class=\"wp-block-image size-large\"><img decoding=\"async\" data-id=\"131\" src=\"https:\/\/vsneustift.at\/wp-content\/uploads\/2020\/11\/vs-neustift.jpg?w=300\" alt=\"\" class=\"wp-image-131\"\/><\/figure>\n\n\n\n<figure class=\"wp-block-image size-large\"><img decoding=\"async\" data-id=\"130\" src=\"https:\/\/vsneustift.at\/wp-content\/uploads\/2020\/11\/img_20201010_191108.jpg?w=300\" alt=\"\" class=\"wp-image-130\"\/><\/figure>\n\n\n\n<figure class=\"wp-block-image size-large\"><img decoding=\"async\" data-id=\"129\" src=\"https:\/\/vsneustift.at\/wp-content\/uploads\/2020\/11\/vs-3.jpg?w=300\" alt=\"\" class=\"wp-image-129\"\/><\/figure>\n<\/figure>\n\n\n<ul class=\"wp-block-latest-posts__list alignleft wp-block-latest-posts\"><li><a class=\"wp-block-latest-posts__post-title\" href=\"https:\/\/vsneustift.at\/?p=947\">Herzlich willkommen im Schuljahr 2025\/26<\/a><div class=\"wp-block-latest-posts__post-excerpt\">Hinweis: Berichte, Fotos, etc. vom heurigen Schuljahr sind unter &#8222;Aus unserer Schule&#8220; zu finden! &nbsp; Es wird sicher wieder ein sch\u00f6nes Jahr! Gemeinsam schaffen wir &hellip; <a href=\"https:\/\/vsneustift.at\/?p=947\" class=\"more-link\"><span class=\"screen-reader-text\">Herzlich willkommen im Schuljahr 2025\/26<\/span> weiterlesen<\/a><\/div><\/li>\n<\/ul>\n\n<div class=\"wp-block-image is-resized is-style-default\">\n<figure class=\"alignleft size-large\"><img loading=\"lazy\" decoding=\"async\" width=\"1861\" height=\"988\" src=\"https:\/\/vsneustift.at\/wp-content\/uploads\/2020\/11\/logo_bewegte_schule.png?w=1024\" alt=\"\" class=\"wp-image-146\" srcset=\"https:\/\/vsneustift.at\/wp-content\/uploads\/2020\/11\/logo_bewegte_schule.png 1861w, https:\/\/vsneustift.at\/wp-content\/uploads\/2020\/11\/logo_bewegte_schule-300x159.png 300w, https:\/\/vsneustift.at\/wp-content\/uploads\/2020\/11\/logo_bewegte_schule-1024x544.png 1024w, https:\/\/vsneustift.at\/wp-content\/uploads\/2020\/11\/logo_bewegte_schule-768x408.png 768w, https:\/\/vsneustift.at\/wp-content\/uploads\/2020\/11\/logo_bewegte_schule-1536x815.png 1536w, https:\/\/vsneustift.at\/wp-content\/uploads\/2020\/11\/logo_bewegte_schule-1200x637.png 1200w\" sizes=\"auto, (max-width: 1861px) 100vw, 1861px\" \/><\/figure>\n<\/div>\n\n<div class=\"wp-block-image is-resized is-style-default\">\n<figure class=\"alignleft size-large\"><img loading=\"lazy\" decoding=\"async\" width=\"289\" height=\"174\" src=\"https:\/\/vsneustift.at\/wp-content\/uploads\/2020\/11\/sam-logo.png\" alt=\"\" class=\"wp-image-245\"\/><\/figure>\n<\/div>\n\n<div class=\"wp-block-image is-resized is-style-default\">\n<figure class=\"alignleft size-large\"><img loading=\"lazy\" decoding=\"async\" width=\"800\" height=\"533\" src=\"https:\/\/vsneustift.at\/wp-content\/uploads\/2020\/11\/solarschule.jpg?w=800\" alt=\"\" class=\"wp-image-401\" srcset=\"https:\/\/vsneustift.at\/wp-content\/uploads\/2020\/11\/solarschule.jpg 800w, https:\/\/vsneustift.at\/wp-content\/uploads\/2020\/11\/solarschule-300x200.jpg 300w, https:\/\/vsneustift.at\/wp-content\/uploads\/2020\/11\/solarschule-768x512.jpg 768w\" sizes=\"auto, (max-width: 800px) 100vw, 800px\" \/><\/figure>\n<\/div>\n\n<div class=\"wp-block-image\">\n<figure class=\"alignleft size-large\"><img loading=\"lazy\" decoding=\"async\" width=\"1024\" height=\"1024\" src=\"https:\/\/vsneustift.at\/wp-content\/uploads\/2023\/01\/Gesunde_Schule_OOE_2023-2025-logo-1024x1024.png\" alt=\"\" class=\"wp-image-1620\" srcset=\"https:\/\/vsneustift.at\/wp-content\/uploads\/2023\/01\/Gesunde_Schule_OOE_2023-2025-logo-1024x1024.png 1024w, https:\/\/vsneustift.at\/wp-content\/uploads\/2023\/01\/Gesunde_Schule_OOE_2023-2025-logo-300x300.png 300w, https:\/\/vsneustift.at\/wp-content\/uploads\/2023\/01\/Gesunde_Schule_OOE_2023-2025-logo-150x150.png 150w, https:\/\/vsneustift.at\/wp-content\/uploads\/2023\/01\/Gesunde_Schule_OOE_2023-2025-logo-768x768.png 768w, https:\/\/vsneustift.at\/wp-content\/uploads\/2023\/01\/Gesunde_Schule_OOE_2023-2025-logo.png 1354w\" sizes=\"auto, (max-width: 1024px) 100vw, 1024px\" \/><\/figure>\n<\/div>\n\n\n<p><\/p>\n","protected":false},"excerpt":{"rendered":"","protected":false},"author":1,"featured_media":0,"parent":0,"menu_order":1,"comment_status":"closed","ping_status":"closed","template":"","meta":{"footnotes":""},"class_list":["post-6","page","type-page","status-publish","hentry"],"yoast_head":"<!-- This site is optimized with the Yoast SEO plugin v21.7 - https:\/\/yoast.com\/wordpress\/plugins\/seo\/ -->\n<title>Aktuelles - Volksschule Neustift im M\u00fchlkreis<\/title>\n<meta name=\"robots\" content=\"index, follow, max-snippet:-1, max-image-preview:large, max-video-preview:-1\" \/>\n<link rel=\"canonical\" href=\"https:\/\/vsneustift.at\/\" \/>\n<meta property=\"og:locale\" content=\"de_DE\" \/>\n<meta property=\"og:type\" content=\"article\" \/>\n<meta property=\"og:title\" content=\"Aktuelles - Volksschule Neustift im M\u00fchlkreis\" \/>\n<meta property=\"og:url\" content=\"https:\/\/vsneustift.at\/\" \/>\n<meta property=\"og:site_name\" content=\"Volksschule Neustift im M\u00fchlkreis\" \/>\n<meta property=\"article:modified_time\" content=\"2026-01-03T10:14:20+00:00\" \/>\n<meta property=\"og:image\" content=\"https:\/\/vsneustift.at\/wp-content\/uploads\/2020\/11\/Bildschirmfoto-2020-11-26-um-11.50.31-1024x750.png\" \/>\n<meta name=\"twitter:card\" content=\"summary_large_image\" \/>\n<meta name=\"twitter:label1\" content=\"Gesch\u00e4tzte Lesezeit\" \/>\n\t<meta name=\"twitter:data1\" content=\"2\u00a0Minuten\" \/>\n<script type=\"application\/ld+json\" class=\"yoast-schema-graph\">{\"@context\":\"https:\/\/schema.org\",\"@graph\":[{\"@type\":\"WebPage\",\"@id\":\"https:\/\/vsneustift.at\/\",\"url\":\"https:\/\/vsneustift.at\/\",\"name\":\"Aktuelles - Volksschule Neustift im M\u00fchlkreis\",\"isPartOf\":{\"@id\":\"https:\/\/vsneustift.at\/#website\"},\"datePublished\":\"2020-12-06T20:09:56+00:00\",\"dateModified\":\"2026-01-03T10:14:20+00:00\",\"breadcrumb\":{\"@id\":\"https:\/\/vsneustift.at\/#breadcrumb\"},\"inLanguage\":\"de\",\"potentialAction\":[{\"@type\":\"ReadAction\",\"target\":[\"https:\/\/vsneustift.at\/\"]}]},{\"@type\":\"BreadcrumbList\",\"@id\":\"https:\/\/vsneustift.at\/#breadcrumb\",\"itemListElement\":[{\"@type\":\"ListItem\",\"position\":1,\"name\":\"Startseite\",\"item\":\"https:\/\/vsneustift.at\/\"},{\"@type\":\"ListItem\",\"position\":2,\"name\":\"Aktuelles\"}]},{\"@type\":\"WebSite\",\"@id\":\"https:\/\/vsneustift.at\/#website\",\"url\":\"https:\/\/vsneustift.at\/\",\"name\":\"Volksschule Neustift im M\u00fchlkreis\",\"description\":\"Schulstra\u00dfe 2, 4143 Neustift im M\u00fchlkreis. Eine aktive Schule mit musikalischen, kreativen und sportlichen Schwerpunkten sowie christlichen Werten und gelebter Schulpartnerschaft!\",\"publisher\":{\"@id\":\"https:\/\/vsneustift.at\/#organization\"},\"potentialAction\":[{\"@type\":\"SearchAction\",\"target\":{\"@type\":\"EntryPoint\",\"urlTemplate\":\"https:\/\/vsneustift.at\/?s={search_term_string}\"},\"query-input\":\"required name=search_term_string\"}],\"inLanguage\":\"de\"},{\"@type\":\"Organization\",\"@id\":\"https:\/\/vsneustift.at\/#organization\",\"name\":\"Volksschule Neustift i. M.\",\"url\":\"https:\/\/vsneustift.at\/\",\"logo\":{\"@type\":\"ImageObject\",\"inLanguage\":\"de\",\"@id\":\"https:\/\/vsneustift.at\/#\/schema\/logo\/image\/\",\"url\":\"https:\/\/vsneustift.at\/wp-content\/uploads\/2020\/10\/vs-logo-gut.jpg\",\"contentUrl\":\"https:\/\/vsneustift.at\/wp-content\/uploads\/2020\/10\/vs-logo-gut.jpg\",\"width\":861,\"height\":331,\"caption\":\"Volksschule Neustift i. M.\"},\"image\":{\"@id\":\"https:\/\/vsneustift.at\/#\/schema\/logo\/image\/\"}}]}<\/script>\n<!-- \/ Yoast SEO plugin. -->","yoast_head_json":{"title":"Aktuelles - Volksschule Neustift im M\u00fchlkreis","robots":{"index":"index","follow":"follow","max-snippet":"max-snippet:-1","max-image-preview":"max-image-preview:large","max-video-preview":"max-video-preview:-1"},"canonical":"https:\/\/vsneustift.at\/","og_locale":"de_DE","og_type":"article","og_title":"Aktuelles - Volksschule Neustift im M\u00fchlkreis","og_url":"https:\/\/vsneustift.at\/","og_site_name":"Volksschule Neustift im M\u00fchlkreis","article_modified_time":"2026-01-03T10:14:20+00:00","og_image":[{"url":"https:\/\/vsneustift.at\/wp-content\/uploads\/2020\/11\/Bildschirmfoto-2020-11-26-um-11.50.31-1024x750.png"}],"twitter_card":"summary_large_image","twitter_misc":{"Gesch\u00e4tzte Lesezeit":"2\u00a0Minuten"},"schema":{"@context":"https:\/\/schema.org","@graph":[{"@type":"WebPage","@id":"https:\/\/vsneustift.at\/","url":"https:\/\/vsneustift.at\/","name":"Aktuelles - Volksschule Neustift im M\u00fchlkreis","isPartOf":{"@id":"https:\/\/vsneustift.at\/#website"},"datePublished":"2020-12-06T20:09:56+00:00","dateModified":"2026-01-03T10:14:20+00:00","breadcrumb":{"@id":"https:\/\/vsneustift.at\/#breadcrumb"},"inLanguage":"de","potentialAction":[{"@type":"ReadAction","target":["https:\/\/vsneustift.at\/"]}]},{"@type":"BreadcrumbList","@id":"https:\/\/vsneustift.at\/#breadcrumb","itemListElement":[{"@type":"ListItem","position":1,"name":"Startseite","item":"https:\/\/vsneustift.at\/"},{"@type":"ListItem","position":2,"name":"Aktuelles"}]},{"@type":"WebSite","@id":"https:\/\/vsneustift.at\/#website","url":"https:\/\/vsneustift.at\/","name":"Volksschule Neustift im M\u00fchlkreis","description":"Schulstra\u00dfe 2, 4143 Neustift im M\u00fchlkreis. Eine aktive Schule mit musikalischen, kreativen und sportlichen Schwerpunkten sowie christlichen Werten und gelebter Schulpartnerschaft!","publisher":{"@id":"https:\/\/vsneustift.at\/#organization"},"potentialAction":[{"@type":"SearchAction","target":{"@type":"EntryPoint","urlTemplate":"https:\/\/vsneustift.at\/?s={search_term_string}"},"query-input":"required name=search_term_string"}],"inLanguage":"de"},{"@type":"Organization","@id":"https:\/\/vsneustift.at\/#organization","name":"Volksschule Neustift i. M.","url":"https:\/\/vsneustift.at\/","logo":{"@type":"ImageObject","inLanguage":"de","@id":"https:\/\/vsneustift.at\/#\/schema\/logo\/image\/","url":"https:\/\/vsneustift.at\/wp-content\/uploads\/2020\/10\/vs-logo-gut.jpg","contentUrl":"https:\/\/vsneustift.at\/wp-content\/uploads\/2020\/10\/vs-logo-gut.jpg","width":861,"height":331,"caption":"Volksschule Neustift i. M."},"image":{"@id":"https:\/\/vsneustift.at\/#\/schema\/logo\/image\/"}}]}},"_links":{"self":[{"href":"https:\/\/vsneustift.at\/index.php?rest_route=\/wp\/v2\/pages\/6","targetHints":{"allow":["GET"]}}],"collection":[{"href":"https:\/\/vsneustift.at\/index.php?rest_route=\/wp\/v2\/pages"}],"about":[{"href":"https:\/\/vsneustift.at\/index.php?rest_route=\/wp\/v2\/types\/page"}],"author":[{"embeddable":true,"href":"https:\/\/vsneustift.at\/index.php?rest_route=\/wp\/v2\/users\/1"}],"replies":[{"embeddable":true,"href":"https:\/\/vsneustift.at\/index.php?rest_route=%2Fwp%2Fv2%2Fcomments&post=6"}],"version-history":[{"count":17,"href":"https:\/\/vsneustift.at\/index.php?rest_route=\/wp\/v2\/pages\/6\/revisions"}],"predecessor-version":[{"id":3702,"href":"https:\/\/vsneustift.at\/index.php?rest_route=\/wp\/v2\/pages\/6\/revisions\/3702"}],"wp:attachment":[{"href":"https:\/\/vsneustift.at\/index.php?rest_route=%2Fwp%2Fv2%2Fmedia&parent=6"}],"curies":[{"name":"wp","href":"https:\/\/api.w.org\/{rel}","templated":true}]}}