{"id":45,"date":"2020-10-26T11:50:44","date_gmt":"2020-10-26T11:50:44","guid":{"rendered":"https:\/\/vsneustift.wordpress.com\/?page_id=45"},"modified":"2025-11-05T09:28:28","modified_gmt":"2025-11-05T09:28:28","slug":"klassen","status":"publish","type":"page","link":"https:\/\/vsneustift.at\/?page_id=45","title":{"rendered":"Klassen"},"content":{"rendered":"\n<figure class=\"wp-block-image size-full\"><img loading=\"lazy\" decoding=\"async\" width=\"800\" height=\"602\" src=\"https:\/\/vsneustift.at\/wp-content\/uploads\/2025\/11\/k-PK12B006_1.jpg\" alt=\"\" class=\"wp-image-3528\" srcset=\"https:\/\/vsneustift.at\/wp-content\/uploads\/2025\/11\/k-PK12B006_1.jpg 800w, https:\/\/vsneustift.at\/wp-content\/uploads\/2025\/11\/k-PK12B006_1-300x226.jpg 300w, https:\/\/vsneustift.at\/wp-content\/uploads\/2025\/11\/k-PK12B006_1-768x578.jpg 768w\" sizes=\"auto, (max-width: 800px) 100vw, 800px\" \/><\/figure>\n\n\n\n<figure class=\"wp-block-image size-full\"><img loading=\"lazy\" decoding=\"async\" width=\"800\" height=\"601\" src=\"https:\/\/vsneustift.at\/wp-content\/uploads\/2025\/11\/k-PK09B003_2.jpg\" alt=\"\" class=\"wp-image-3529\" srcset=\"https:\/\/vsneustift.at\/wp-content\/uploads\/2025\/11\/k-PK09B003_2.jpg 800w, https:\/\/vsneustift.at\/wp-content\/uploads\/2025\/11\/k-PK09B003_2-300x225.jpg 300w, https:\/\/vsneustift.at\/wp-content\/uploads\/2025\/11\/k-PK09B003_2-768x577.jpg 768w\" sizes=\"auto, (max-width: 800px) 100vw, 800px\" \/><\/figure>\n\n\n\n<figure class=\"wp-block-image size-full\"><img loading=\"lazy\" decoding=\"async\" width=\"800\" height=\"602\" src=\"https:\/\/vsneustift.at\/wp-content\/uploads\/2025\/11\/k-PK10B009_3.jpg\" alt=\"\" class=\"wp-image-3530\" srcset=\"https:\/\/vsneustift.at\/wp-content\/uploads\/2025\/11\/k-PK10B009_3.jpg 800w, https:\/\/vsneustift.at\/wp-content\/uploads\/2025\/11\/k-PK10B009_3-300x226.jpg 300w, https:\/\/vsneustift.at\/wp-content\/uploads\/2025\/11\/k-PK10B009_3-768x578.jpg 768w\" sizes=\"auto, (max-width: 800px) 100vw, 800px\" \/><\/figure>\n\n\n\n<figure class=\"wp-block-image size-full\"><img loading=\"lazy\" decoding=\"async\" width=\"800\" height=\"601\" src=\"https:\/\/vsneustift.at\/wp-content\/uploads\/2025\/11\/k-PK11B008_4.jpg\" alt=\"\" class=\"wp-image-3532\" srcset=\"https:\/\/vsneustift.at\/wp-content\/uploads\/2025\/11\/k-PK11B008_4.jpg 800w, https:\/\/vsneustift.at\/wp-content\/uploads\/2025\/11\/k-PK11B008_4-300x225.jpg 300w, https:\/\/vsneustift.at\/wp-content\/uploads\/2025\/11\/k-PK11B008_4-768x577.jpg 768w\" sizes=\"auto, (max-width: 800px) 100vw, 800px\" \/><\/figure>\n\n\n\n<figure class=\"wp-block-image size-full\"><img loading=\"lazy\" decoding=\"async\" width=\"800\" height=\"602\" src=\"https:\/\/vsneustift.at\/wp-content\/uploads\/2025\/11\/k-PK13B006_GTS.jpg\" alt=\"\" class=\"wp-image-3533\" srcset=\"https:\/\/vsneustift.at\/wp-content\/uploads\/2025\/11\/k-PK13B006_GTS.jpg 800w, https:\/\/vsneustift.at\/wp-content\/uploads\/2025\/11\/k-PK13B006_GTS-300x226.jpg 300w, https:\/\/vsneustift.at\/wp-content\/uploads\/2025\/11\/k-PK13B006_GTS-768x578.jpg 768w\" sizes=\"auto, (max-width: 800px) 100vw, 800px\" \/><\/figure>\n","protected":false},"excerpt":{"rendered":"","protected":false},"author":1,"featured_media":0,"parent":0,"menu_order":0,"comment_status":"closed","ping_status":"closed","template":"","meta":{"footnotes":""},"class_list":["post-45","page","type-page","status-publish","hentry"],"yoast_head":"<!-- This site is optimized with the Yoast SEO plugin v21.7 - https:\/\/yoast.com\/wordpress\/plugins\/seo\/ -->\n<title>Klassen - Volksschule Neustift im M\u00fchlkreis<\/title>\n<meta name=\"robots\" content=\"index, follow, max-snippet:-1, max-image-preview:large, max-video-preview:-1\" \/>\n<link rel=\"canonical\" href=\"https:\/\/vsneustift.at\/?page_id=45\" \/>\n<meta property=\"og:locale\" content=\"de_DE\" \/>\n<meta property=\"og:type\" content=\"article\" \/>\n<meta property=\"og:title\" content=\"Klassen - Volksschule Neustift im M\u00fchlkreis\" \/>\n<meta property=\"og:url\" content=\"https:\/\/vsneustift.at\/?page_id=45\" \/>\n<meta property=\"og:site_name\" content=\"Volksschule Neustift im M\u00fchlkreis\" \/>\n<meta property=\"article:modified_time\" content=\"2025-11-05T09:28:28+00:00\" \/>\n<meta property=\"og:image\" content=\"https:\/\/vsneustift.at\/wp-content\/uploads\/2025\/11\/k-PK12B006_1.jpg\" \/>\n<meta name=\"twitter:card\" content=\"summary_large_image\" \/>\n<meta name=\"twitter:label1\" content=\"Gesch\u00e4tzte Lesezeit\" \/>\n\t<meta name=\"twitter:data1\" content=\"1\u00a0Minute\" \/>\n<script type=\"application\/ld+json\" class=\"yoast-schema-graph\">{\"@context\":\"https:\/\/schema.org\",\"@graph\":[{\"@type\":\"WebPage\",\"@id\":\"https:\/\/vsneustift.at\/?page_id=45\",\"url\":\"https:\/\/vsneustift.at\/?page_id=45\",\"name\":\"Klassen - Volksschule Neustift im M\u00fchlkreis\",\"isPartOf\":{\"@id\":\"https:\/\/vsneustift.at\/#website\"},\"datePublished\":\"2020-10-26T11:50:44+00:00\",\"dateModified\":\"2025-11-05T09:28:28+00:00\",\"breadcrumb\":{\"@id\":\"https:\/\/vsneustift.at\/?page_id=45#breadcrumb\"},\"inLanguage\":\"de\",\"potentialAction\":[{\"@type\":\"ReadAction\",\"target\":[\"https:\/\/vsneustift.at\/?page_id=45\"]}]},{\"@type\":\"BreadcrumbList\",\"@id\":\"https:\/\/vsneustift.at\/?page_id=45#breadcrumb\",\"itemListElement\":[{\"@type\":\"ListItem\",\"position\":1,\"name\":\"Startseite\",\"item\":\"https:\/\/vsneustift.at\/\"},{\"@type\":\"ListItem\",\"position\":2,\"name\":\"Klassen\"}]},{\"@type\":\"WebSite\",\"@id\":\"https:\/\/vsneustift.at\/#website\",\"url\":\"https:\/\/vsneustift.at\/\",\"name\":\"Volksschule Neustift im M\u00fchlkreis\",\"description\":\"Schulstra\u00dfe 2, 4143 Neustift im M\u00fchlkreis. Eine aktive Schule mit musikalischen, kreativen und sportlichen Schwerpunkten sowie christlichen Werten und gelebter Schulpartnerschaft!\",\"publisher\":{\"@id\":\"https:\/\/vsneustift.at\/#organization\"},\"potentialAction\":[{\"@type\":\"SearchAction\",\"target\":{\"@type\":\"EntryPoint\",\"urlTemplate\":\"https:\/\/vsneustift.at\/?s={search_term_string}\"},\"query-input\":\"required name=search_term_string\"}],\"inLanguage\":\"de\"},{\"@type\":\"Organization\",\"@id\":\"https:\/\/vsneustift.at\/#organization\",\"name\":\"Volksschule Neustift i. M.\",\"url\":\"https:\/\/vsneustift.at\/\",\"logo\":{\"@type\":\"ImageObject\",\"inLanguage\":\"de\",\"@id\":\"https:\/\/vsneustift.at\/#\/schema\/logo\/image\/\",\"url\":\"https:\/\/vsneustift.at\/wp-content\/uploads\/2020\/10\/vs-logo-gut.jpg\",\"contentUrl\":\"https:\/\/vsneustift.at\/wp-content\/uploads\/2020\/10\/vs-logo-gut.jpg\",\"width\":861,\"height\":331,\"caption\":\"Volksschule Neustift i. M.\"},\"image\":{\"@id\":\"https:\/\/vsneustift.at\/#\/schema\/logo\/image\/\"}}]}<\/script>\n<!-- \/ Yoast SEO plugin. -->","yoast_head_json":{"title":"Klassen - Volksschule Neustift im M\u00fchlkreis","robots":{"index":"index","follow":"follow","max-snippet":"max-snippet:-1","max-image-preview":"max-image-preview:large","max-video-preview":"max-video-preview:-1"},"canonical":"https:\/\/vsneustift.at\/?page_id=45","og_locale":"de_DE","og_type":"article","og_title":"Klassen - Volksschule Neustift im M\u00fchlkreis","og_url":"https:\/\/vsneustift.at\/?page_id=45","og_site_name":"Volksschule Neustift im M\u00fchlkreis","article_modified_time":"2025-11-05T09:28:28+00:00","og_image":[{"url":"https:\/\/vsneustift.at\/wp-content\/uploads\/2025\/11\/k-PK12B006_1.jpg"}],"twitter_card":"summary_large_image","twitter_misc":{"Gesch\u00e4tzte Lesezeit":"1\u00a0Minute"},"schema":{"@context":"https:\/\/schema.org","@graph":[{"@type":"WebPage","@id":"https:\/\/vsneustift.at\/?page_id=45","url":"https:\/\/vsneustift.at\/?page_id=45","name":"Klassen - Volksschule Neustift im M\u00fchlkreis","isPartOf":{"@id":"https:\/\/vsneustift.at\/#website"},"datePublished":"2020-10-26T11:50:44+00:00","dateModified":"2025-11-05T09:28:28+00:00","breadcrumb":{"@id":"https:\/\/vsneustift.at\/?page_id=45#breadcrumb"},"inLanguage":"de","potentialAction":[{"@type":"ReadAction","target":["https:\/\/vsneustift.at\/?page_id=45"]}]},{"@type":"BreadcrumbList","@id":"https:\/\/vsneustift.at\/?page_id=45#breadcrumb","itemListElement":[{"@type":"ListItem","position":1,"name":"Startseite","item":"https:\/\/vsneustift.at\/"},{"@type":"ListItem","position":2,"name":"Klassen"}]},{"@type":"WebSite","@id":"https:\/\/vsneustift.at\/#website","url":"https:\/\/vsneustift.at\/","name":"Volksschule Neustift im M\u00fchlkreis","description":"Schulstra\u00dfe 2, 4143 Neustift im M\u00fchlkreis. Eine aktive Schule mit musikalischen, kreativen und sportlichen Schwerpunkten sowie christlichen Werten und gelebter Schulpartnerschaft!","publisher":{"@id":"https:\/\/vsneustift.at\/#organization"},"potentialAction":[{"@type":"SearchAction","target":{"@type":"EntryPoint","urlTemplate":"https:\/\/vsneustift.at\/?s={search_term_string}"},"query-input":"required name=search_term_string"}],"inLanguage":"de"},{"@type":"Organization","@id":"https:\/\/vsneustift.at\/#organization","name":"Volksschule Neustift i. M.","url":"https:\/\/vsneustift.at\/","logo":{"@type":"ImageObject","inLanguage":"de","@id":"https:\/\/vsneustift.at\/#\/schema\/logo\/image\/","url":"https:\/\/vsneustift.at\/wp-content\/uploads\/2020\/10\/vs-logo-gut.jpg","contentUrl":"https:\/\/vsneustift.at\/wp-content\/uploads\/2020\/10\/vs-logo-gut.jpg","width":861,"height":331,"caption":"Volksschule Neustift i. M."},"image":{"@id":"https:\/\/vsneustift.at\/#\/schema\/logo\/image\/"}}]}},"_links":{"self":[{"href":"https:\/\/vsneustift.at\/index.php?rest_route=\/wp\/v2\/pages\/45","targetHints":{"allow":["GET"]}}],"collection":[{"href":"https:\/\/vsneustift.at\/index.php?rest_route=\/wp\/v2\/pages"}],"about":[{"href":"https:\/\/vsneustift.at\/index.php?rest_route=\/wp\/v2\/types\/page"}],"author":[{"embeddable":true,"href":"https:\/\/vsneustift.at\/index.php?rest_route=\/wp\/v2\/users\/1"}],"replies":[{"embeddable":true,"href":"https:\/\/vsneustift.at\/index.php?rest_route=%2Fwp%2Fv2%2Fcomments&post=45"}],"version-history":[{"count":7,"href":"https:\/\/vsneustift.at\/index.php?rest_route=\/wp\/v2\/pages\/45\/revisions"}],"predecessor-version":[{"id":3534,"href":"https:\/\/vsneustift.at\/index.php?rest_route=\/wp\/v2\/pages\/45\/revisions\/3534"}],"wp:attachment":[{"href":"https:\/\/vsneustift.at\/index.php?rest_route=%2Fwp%2Fv2%2Fmedia&parent=45"}],"curies":[{"name":"wp","href":"https:\/\/api.w.org\/{rel}","templated":true}]}}