{"id":43,"date":"2020-10-26T11:50:40","date_gmt":"2020-10-26T10:50:40","guid":{"rendered":"https:\/\/vsneustift.wordpress.com\/?page_id=43"},"modified":"2020-10-26T11:50:40","modified_gmt":"2020-10-26T10:50:40","slug":"leitbild","status":"publish","type":"page","link":"https:\/\/vsneustift.at\/?page_id=43","title":{"rendered":"Leitbild"},"content":{"rendered":"\n<div class=\"wp-block-group\"><div class=\"wp-block-group__inner-container is-layout-flow wp-block-group-is-layout-flow\">\n<p class=\"has-text-color\" style=\"color:#ff4d00;font-size:25px;\"><strong>F\u00f6rderung der schulischen und sozialen Intelligenz als Basis f\u00fcr das weitere Leben.<\/strong><\/p>\n\n\n\n<p style=\"line-height:1.1;\"><p style=\"line-height:1.1;\"><br><strong><u>Soziale Intelligenz:<\/u><\/strong><\/p> <img loading=\"lazy\" decoding=\"async\" width=\"225\" height=\"225\" class=\"wp-image-222 alignright\" src=\"https:\/\/vsneustift.at\/wp-content\/uploads\/2020\/11\/download-wir-sind-mehr-1.jpg\" alt=\"\" srcset=\"https:\/\/vsneustift.at\/wp-content\/uploads\/2020\/11\/download-wir-sind-mehr-1.jpg 225w, https:\/\/vsneustift.at\/wp-content\/uploads\/2020\/11\/download-wir-sind-mehr-1-150x150.jpg 150w\" sizes=\"auto, (max-width: 225px) 100vw, 225px\" \/>Wir k\u00fcmmern uns um uns und um andere.<\/p>\n\n\n\n<p style=\"line-height:1.1;\">Wir erkennen, wenn jemand Hilfe braucht<br>und versuchen zu helfen und zu unterst\u00fctzen.<\/p>\n\n\n\n<p style=\"line-height:1.1;\">Wir nehmen R\u00fccksicht und behandeln andere mit Respekt, Wertsch\u00e4tzung und Achtung.<\/p>\n\n\n\n<p style=\"line-height:1.1;\">Wir verstehen und akzeptieren vereinbarte Regeln.<br><br><\/p>\n\n\n\n<p><strong><u>Schulische Intelligenz:<\/u><\/strong><\/p>\n\n\n\n<p style=\"line-height:1.3;\">Wir wollen unser St\u00e4rken ausbauen <img loading=\"lazy\" decoding=\"async\" width=\"267\" height=\"189\" class=\"wp-image-224 alignright\" src=\"https:\/\/vsneustift.at\/wp-content\/uploads\/2020\/11\/download-wenn-du-nicht.png?w=267\" alt=\"\">und an den Schw\u00e4chen arbeiten.<\/p>\n\n\n\n<p style=\"line-height:1.3;\">Wir wollen unsere Begabungen und Talente nutzen, denn niemand kann alles und keiner kann nichts!<\/p>\n\n\n\n<p style=\"line-height:1.3;\">Als P\u00e4dagogen und P\u00e4dagoginnen f\u00f6rdern wir<br>selbstverantwortliches Lernen. <\/p>\n\n\n\n<p style=\"line-height:1.3;\">Wir unterst\u00fctzen die Kinder selbstst\u00e4ndig zu werden.<br>F\u00fcr F\u00f6rdern und Fordern ist Platz in unserer Gemeinschaft.<\/p>\n<\/div><\/div>\n\n\n\n<p><\/p>\n","protected":false},"excerpt":{"rendered":"<p>F\u00f6rderung der schulischen und sozialen Intelligenz als Basis f\u00fcr das weitere Leben. Soziale Intelligenz: Wir k\u00fcmmern uns um uns und um andere. Wir erkennen, wenn jemand Hilfe brauchtund versuchen zu helfen und zu unterst\u00fctzen. Wir nehmen R\u00fccksicht und behandeln andere mit Respekt, Wertsch\u00e4tzung und Achtung. Wir verstehen und akzeptieren vereinbarte Regeln. Schulische Intelligenz: Wir wollen &hellip; <a href=\"https:\/\/vsneustift.at\/?page_id=43\" class=\"more-link\"><span class=\"screen-reader-text\">Leitbild<\/span> weiterlesen<\/a><\/p>\n","protected":false},"author":1,"featured_media":0,"parent":0,"menu_order":0,"comment_status":"closed","ping_status":"closed","template":"","meta":{"footnotes":""},"class_list":["post-43","page","type-page","status-publish","hentry"],"yoast_head":"<!-- This site is optimized with the Yoast SEO plugin v21.7 - https:\/\/yoast.com\/wordpress\/plugins\/seo\/ -->\n<title>Leitbild - Volksschule Neustift im M\u00fchlkreis<\/title>\n<meta name=\"robots\" content=\"index, follow, max-snippet:-1, max-image-preview:large, max-video-preview:-1\" \/>\n<link rel=\"canonical\" href=\"https:\/\/vsneustift.at\/?page_id=43\" \/>\n<meta property=\"og:locale\" content=\"de_DE\" \/>\n<meta property=\"og:type\" content=\"article\" \/>\n<meta property=\"og:title\" content=\"Leitbild - Volksschule Neustift im M\u00fchlkreis\" \/>\n<meta property=\"og:description\" content=\"F\u00f6rderung der schulischen und sozialen Intelligenz als Basis f\u00fcr das weitere Leben. Soziale Intelligenz: Wir k\u00fcmmern uns um uns und um andere. Wir erkennen, wenn jemand Hilfe brauchtund versuchen zu helfen und zu unterst\u00fctzen. Wir nehmen R\u00fccksicht und behandeln andere mit Respekt, Wertsch\u00e4tzung und Achtung. Wir verstehen und akzeptieren vereinbarte Regeln. Schulische Intelligenz: Wir wollen &hellip; Leitbild weiterlesen\" \/>\n<meta property=\"og:url\" content=\"https:\/\/vsneustift.at\/?page_id=43\" \/>\n<meta property=\"og:site_name\" content=\"Volksschule Neustift im M\u00fchlkreis\" \/>\n<meta property=\"og:image\" content=\"https:\/\/vsneustift.at\/wp-content\/uploads\/2020\/11\/download-wir-sind-mehr-1.jpg\" \/>\n<meta name=\"twitter:card\" content=\"summary_large_image\" \/>\n<meta name=\"twitter:label1\" content=\"Gesch\u00e4tzte Lesezeit\" \/>\n\t<meta name=\"twitter:data1\" content=\"1\u00a0Minute\" \/>\n<script type=\"application\/ld+json\" class=\"yoast-schema-graph\">{\"@context\":\"https:\/\/schema.org\",\"@graph\":[{\"@type\":\"WebPage\",\"@id\":\"https:\/\/vsneustift.at\/?page_id=43\",\"url\":\"https:\/\/vsneustift.at\/?page_id=43\",\"name\":\"Leitbild - Volksschule Neustift im M\u00fchlkreis\",\"isPartOf\":{\"@id\":\"https:\/\/vsneustift.at\/#website\"},\"datePublished\":\"2020-10-26T10:50:40+00:00\",\"dateModified\":\"2020-10-26T10:50:40+00:00\",\"breadcrumb\":{\"@id\":\"https:\/\/vsneustift.at\/?page_id=43#breadcrumb\"},\"inLanguage\":\"de\",\"potentialAction\":[{\"@type\":\"ReadAction\",\"target\":[\"https:\/\/vsneustift.at\/?page_id=43\"]}]},{\"@type\":\"BreadcrumbList\",\"@id\":\"https:\/\/vsneustift.at\/?page_id=43#breadcrumb\",\"itemListElement\":[{\"@type\":\"ListItem\",\"position\":1,\"name\":\"Startseite\",\"item\":\"https:\/\/vsneustift.at\/\"},{\"@type\":\"ListItem\",\"position\":2,\"name\":\"Leitbild\"}]},{\"@type\":\"WebSite\",\"@id\":\"https:\/\/vsneustift.at\/#website\",\"url\":\"https:\/\/vsneustift.at\/\",\"name\":\"Volksschule Neustift im M\u00fchlkreis\",\"description\":\"Schulstra\u00dfe 2, 4143 Neustift im M\u00fchlkreis. Eine aktive Schule mit musikalischen, kreativen und sportlichen Schwerpunkten sowie christlichen Werten und gelebter Schulpartnerschaft!\",\"publisher\":{\"@id\":\"https:\/\/vsneustift.at\/#organization\"},\"potentialAction\":[{\"@type\":\"SearchAction\",\"target\":{\"@type\":\"EntryPoint\",\"urlTemplate\":\"https:\/\/vsneustift.at\/?s={search_term_string}\"},\"query-input\":\"required name=search_term_string\"}],\"inLanguage\":\"de\"},{\"@type\":\"Organization\",\"@id\":\"https:\/\/vsneustift.at\/#organization\",\"name\":\"Volksschule Neustift i. M.\",\"url\":\"https:\/\/vsneustift.at\/\",\"logo\":{\"@type\":\"ImageObject\",\"inLanguage\":\"de\",\"@id\":\"https:\/\/vsneustift.at\/#\/schema\/logo\/image\/\",\"url\":\"https:\/\/vsneustift.at\/wp-content\/uploads\/2020\/10\/vs-logo-gut.jpg\",\"contentUrl\":\"https:\/\/vsneustift.at\/wp-content\/uploads\/2020\/10\/vs-logo-gut.jpg\",\"width\":861,\"height\":331,\"caption\":\"Volksschule Neustift i. M.\"},\"image\":{\"@id\":\"https:\/\/vsneustift.at\/#\/schema\/logo\/image\/\"}}]}<\/script>\n<!-- \/ Yoast SEO plugin. -->","yoast_head_json":{"title":"Leitbild - Volksschule Neustift im M\u00fchlkreis","robots":{"index":"index","follow":"follow","max-snippet":"max-snippet:-1","max-image-preview":"max-image-preview:large","max-video-preview":"max-video-preview:-1"},"canonical":"https:\/\/vsneustift.at\/?page_id=43","og_locale":"de_DE","og_type":"article","og_title":"Leitbild - Volksschule Neustift im M\u00fchlkreis","og_description":"F\u00f6rderung der schulischen und sozialen Intelligenz als Basis f\u00fcr das weitere Leben. Soziale Intelligenz: Wir k\u00fcmmern uns um uns und um andere. Wir erkennen, wenn jemand Hilfe brauchtund versuchen zu helfen und zu unterst\u00fctzen. Wir nehmen R\u00fccksicht und behandeln andere mit Respekt, Wertsch\u00e4tzung und Achtung. Wir verstehen und akzeptieren vereinbarte Regeln. Schulische Intelligenz: Wir wollen &hellip; Leitbild weiterlesen","og_url":"https:\/\/vsneustift.at\/?page_id=43","og_site_name":"Volksschule Neustift im M\u00fchlkreis","og_image":[{"url":"https:\/\/vsneustift.at\/wp-content\/uploads\/2020\/11\/download-wir-sind-mehr-1.jpg"}],"twitter_card":"summary_large_image","twitter_misc":{"Gesch\u00e4tzte Lesezeit":"1\u00a0Minute"},"schema":{"@context":"https:\/\/schema.org","@graph":[{"@type":"WebPage","@id":"https:\/\/vsneustift.at\/?page_id=43","url":"https:\/\/vsneustift.at\/?page_id=43","name":"Leitbild - Volksschule Neustift im M\u00fchlkreis","isPartOf":{"@id":"https:\/\/vsneustift.at\/#website"},"datePublished":"2020-10-26T10:50:40+00:00","dateModified":"2020-10-26T10:50:40+00:00","breadcrumb":{"@id":"https:\/\/vsneustift.at\/?page_id=43#breadcrumb"},"inLanguage":"de","potentialAction":[{"@type":"ReadAction","target":["https:\/\/vsneustift.at\/?page_id=43"]}]},{"@type":"BreadcrumbList","@id":"https:\/\/vsneustift.at\/?page_id=43#breadcrumb","itemListElement":[{"@type":"ListItem","position":1,"name":"Startseite","item":"https:\/\/vsneustift.at\/"},{"@type":"ListItem","position":2,"name":"Leitbild"}]},{"@type":"WebSite","@id":"https:\/\/vsneustift.at\/#website","url":"https:\/\/vsneustift.at\/","name":"Volksschule Neustift im M\u00fchlkreis","description":"Schulstra\u00dfe 2, 4143 Neustift im M\u00fchlkreis. Eine aktive Schule mit musikalischen, kreativen und sportlichen Schwerpunkten sowie christlichen Werten und gelebter Schulpartnerschaft!","publisher":{"@id":"https:\/\/vsneustift.at\/#organization"},"potentialAction":[{"@type":"SearchAction","target":{"@type":"EntryPoint","urlTemplate":"https:\/\/vsneustift.at\/?s={search_term_string}"},"query-input":"required name=search_term_string"}],"inLanguage":"de"},{"@type":"Organization","@id":"https:\/\/vsneustift.at\/#organization","name":"Volksschule Neustift i. M.","url":"https:\/\/vsneustift.at\/","logo":{"@type":"ImageObject","inLanguage":"de","@id":"https:\/\/vsneustift.at\/#\/schema\/logo\/image\/","url":"https:\/\/vsneustift.at\/wp-content\/uploads\/2020\/10\/vs-logo-gut.jpg","contentUrl":"https:\/\/vsneustift.at\/wp-content\/uploads\/2020\/10\/vs-logo-gut.jpg","width":861,"height":331,"caption":"Volksschule Neustift i. M."},"image":{"@id":"https:\/\/vsneustift.at\/#\/schema\/logo\/image\/"}}]}},"_links":{"self":[{"href":"https:\/\/vsneustift.at\/index.php?rest_route=\/wp\/v2\/pages\/43","targetHints":{"allow":["GET"]}}],"collection":[{"href":"https:\/\/vsneustift.at\/index.php?rest_route=\/wp\/v2\/pages"}],"about":[{"href":"https:\/\/vsneustift.at\/index.php?rest_route=\/wp\/v2\/types\/page"}],"author":[{"embeddable":true,"href":"https:\/\/vsneustift.at\/index.php?rest_route=\/wp\/v2\/users\/1"}],"replies":[{"embeddable":true,"href":"https:\/\/vsneustift.at\/index.php?rest_route=%2Fwp%2Fv2%2Fcomments&post=43"}],"version-history":[{"count":0,"href":"https:\/\/vsneustift.at\/index.php?rest_route=\/wp\/v2\/pages\/43\/revisions"}],"wp:attachment":[{"href":"https:\/\/vsneustift.at\/index.php?rest_route=%2Fwp%2Fv2%2Fmedia&parent=43"}],"curies":[{"name":"wp","href":"https:\/\/api.w.org\/{rel}","templated":true}]}}