{"id":41,"date":"2020-10-26T11:50:38","date_gmt":"2020-10-26T10:50:38","guid":{"rendered":"https:\/\/vsneustift.wordpress.com\/?page_id=41"},"modified":"2020-10-26T11:50:38","modified_gmt":"2020-10-26T10:50:38","slug":"kontakt-impressum","status":"publish","type":"page","link":"https:\/\/vsneustift.at\/?page_id=41","title":{"rendered":"Kontakt\/Impressum"},"content":{"rendered":"\n<p><strong>Kontakt:<\/strong><\/p>\n\n\n\n<p style=\"line-height:0;\">Volksschule Neustift<\/p>\n\n\n\n<p style=\"line-height:0;\">Schulstra\u00dfe 2<\/p>\n\n\n\n<p style=\"line-height:0;\">4143 Neustift i.M.<\/p>\n\n\n\n<p style=\"line-height:0;\">Tel:&nbsp; 07284 8195<\/p>\n\n\n\n<p><\/p>\n\n\n\n<p><strong>Leitung der Schule:<\/strong>\u00a0<\/p>\n\n\n\n<p style=\"line-height:0;\">Schulleiter:&nbsp; Richard Gabriel, M.A.<\/p>\n\n\n\n<p style=\"line-height:0;\">Mail: <a href=\"mailto:s413251@schule-ooe.at\">s413251@schule-ooe.at<\/a><\/p>\n\n\n\n<p style=\"line-height:0;\">vs.neustift.mkr@eduhi.at<\/p>\n\n\n\n<p><\/p>\n\n\n\n<p class=\"has-white-color has-text-color\">.<\/p>\n\n\n\n<p style=\"line-height:2.4;\"><\/p>\n\n\n\n<p style=\"line-height:0;\"><strong>Impressum<\/strong><\/p>\n\n\n\n<p style=\"line-height:0;\">Haftungsausschluss:<\/p>\n\n\n\n<p style=\"line-height:1.5;\">Diese Website dient zu Ihrer Information. Sie wird mit Sorgfalt bearbeitet. Sowohl f\u00fcr die Auswahl der einzelnen Verweise wie f\u00fcr die Beitr\u00e4ge kann f\u00fcr Vollst\u00e4ndigkeit, Auswahl und inhaltliche Richtigkeit der Informationen keine Haftung \u00fcbernommen werden. Der Betreiber kann ebenso f\u00fcr fremde Inhalte, die durch Links erreichbar sind, keine Haftung \u00fcbernehmen. Die auf der Website der VS Neustift ver\u00f6ffentlichten Beitr\u00e4ge sind urheberrechtlich gesch\u00fctzt. Jede unberechtigte Vervielf\u00e4ltigung und Verbreitung dieser Seiten stellt eine Verletzung des \u00d6sterreichischen Urhebergesetzes (UrhG) dar.<\/p>\n","protected":false},"excerpt":{"rendered":"<p>Kontakt: Volksschule Neustift Schulstra\u00dfe 2 4143 Neustift i.M. Tel:&nbsp; 07284 8195 Leitung der Schule:\u00a0 Schulleiter:&nbsp; Richard Gabriel, M.A. Mail: s413251@schule-ooe.at vs.neustift.mkr@eduhi.at . Impressum Haftungsausschluss: Diese Website dient zu Ihrer Information. Sie wird mit Sorgfalt bearbeitet. Sowohl f\u00fcr die Auswahl der einzelnen Verweise wie f\u00fcr die Beitr\u00e4ge kann f\u00fcr Vollst\u00e4ndigkeit, Auswahl und inhaltliche Richtigkeit der Informationen &hellip; <a href=\"https:\/\/vsneustift.at\/?page_id=41\" class=\"more-link\"><span class=\"screen-reader-text\">Kontakt\/Impressum<\/span> weiterlesen<\/a><\/p>\n","protected":false},"author":1,"featured_media":0,"parent":0,"menu_order":0,"comment_status":"closed","ping_status":"closed","template":"","meta":{"footnotes":""},"class_list":["post-41","page","type-page","status-publish","hentry"],"yoast_head":"<!-- This site is optimized with the Yoast SEO plugin v21.7 - https:\/\/yoast.com\/wordpress\/plugins\/seo\/ -->\n<title>Kontakt\/Impressum - Volksschule Neustift im M\u00fchlkreis<\/title>\n<meta name=\"robots\" content=\"index, follow, max-snippet:-1, max-image-preview:large, max-video-preview:-1\" \/>\n<link rel=\"canonical\" href=\"https:\/\/vsneustift.at\/?page_id=41\" \/>\n<meta property=\"og:locale\" content=\"de_DE\" \/>\n<meta property=\"og:type\" content=\"article\" \/>\n<meta property=\"og:title\" content=\"Kontakt\/Impressum - Volksschule Neustift im M\u00fchlkreis\" \/>\n<meta property=\"og:description\" content=\"Kontakt: Volksschule Neustift Schulstra\u00dfe 2 4143 Neustift i.M. Tel:&nbsp; 07284 8195 Leitung der Schule:\u00a0 Schulleiter:&nbsp; Richard Gabriel, M.A. Mail: s413251@schule-ooe.at vs.neustift.mkr@eduhi.at . Impressum Haftungsausschluss: Diese Website dient zu Ihrer Information. Sie wird mit Sorgfalt bearbeitet. Sowohl f\u00fcr die Auswahl der einzelnen Verweise wie f\u00fcr die Beitr\u00e4ge kann f\u00fcr Vollst\u00e4ndigkeit, Auswahl und inhaltliche Richtigkeit der Informationen &hellip; Kontakt\/Impressum weiterlesen\" \/>\n<meta property=\"og:url\" content=\"https:\/\/vsneustift.at\/?page_id=41\" \/>\n<meta property=\"og:site_name\" content=\"Volksschule Neustift im M\u00fchlkreis\" \/>\n<meta name=\"twitter:card\" content=\"summary_large_image\" \/>\n<meta name=\"twitter:label1\" content=\"Gesch\u00e4tzte Lesezeit\" \/>\n\t<meta name=\"twitter:data1\" content=\"1\u00a0Minute\" \/>\n<script type=\"application\/ld+json\" class=\"yoast-schema-graph\">{\"@context\":\"https:\/\/schema.org\",\"@graph\":[{\"@type\":\"WebPage\",\"@id\":\"https:\/\/vsneustift.at\/?page_id=41\",\"url\":\"https:\/\/vsneustift.at\/?page_id=41\",\"name\":\"Kontakt\/Impressum - Volksschule Neustift im M\u00fchlkreis\",\"isPartOf\":{\"@id\":\"https:\/\/vsneustift.at\/#website\"},\"datePublished\":\"2020-10-26T10:50:38+00:00\",\"dateModified\":\"2020-10-26T10:50:38+00:00\",\"breadcrumb\":{\"@id\":\"https:\/\/vsneustift.at\/?page_id=41#breadcrumb\"},\"inLanguage\":\"de\",\"potentialAction\":[{\"@type\":\"ReadAction\",\"target\":[\"https:\/\/vsneustift.at\/?page_id=41\"]}]},{\"@type\":\"BreadcrumbList\",\"@id\":\"https:\/\/vsneustift.at\/?page_id=41#breadcrumb\",\"itemListElement\":[{\"@type\":\"ListItem\",\"position\":1,\"name\":\"Startseite\",\"item\":\"https:\/\/vsneustift.at\/\"},{\"@type\":\"ListItem\",\"position\":2,\"name\":\"Kontakt\/Impressum\"}]},{\"@type\":\"WebSite\",\"@id\":\"https:\/\/vsneustift.at\/#website\",\"url\":\"https:\/\/vsneustift.at\/\",\"name\":\"Volksschule Neustift im M\u00fchlkreis\",\"description\":\"Schulstra\u00dfe 2, 4143 Neustift im M\u00fchlkreis. Eine aktive Schule mit musikalischen, kreativen und sportlichen Schwerpunkten sowie christlichen Werten und gelebter Schulpartnerschaft!\",\"publisher\":{\"@id\":\"https:\/\/vsneustift.at\/#organization\"},\"potentialAction\":[{\"@type\":\"SearchAction\",\"target\":{\"@type\":\"EntryPoint\",\"urlTemplate\":\"https:\/\/vsneustift.at\/?s={search_term_string}\"},\"query-input\":\"required name=search_term_string\"}],\"inLanguage\":\"de\"},{\"@type\":\"Organization\",\"@id\":\"https:\/\/vsneustift.at\/#organization\",\"name\":\"Volksschule Neustift i. M.\",\"url\":\"https:\/\/vsneustift.at\/\",\"logo\":{\"@type\":\"ImageObject\",\"inLanguage\":\"de\",\"@id\":\"https:\/\/vsneustift.at\/#\/schema\/logo\/image\/\",\"url\":\"https:\/\/vsneustift.at\/wp-content\/uploads\/2020\/10\/vs-logo-gut.jpg\",\"contentUrl\":\"https:\/\/vsneustift.at\/wp-content\/uploads\/2020\/10\/vs-logo-gut.jpg\",\"width\":861,\"height\":331,\"caption\":\"Volksschule Neustift i. M.\"},\"image\":{\"@id\":\"https:\/\/vsneustift.at\/#\/schema\/logo\/image\/\"}}]}<\/script>\n<!-- \/ Yoast SEO plugin. -->","yoast_head_json":{"title":"Kontakt\/Impressum - Volksschule Neustift im M\u00fchlkreis","robots":{"index":"index","follow":"follow","max-snippet":"max-snippet:-1","max-image-preview":"max-image-preview:large","max-video-preview":"max-video-preview:-1"},"canonical":"https:\/\/vsneustift.at\/?page_id=41","og_locale":"de_DE","og_type":"article","og_title":"Kontakt\/Impressum - Volksschule Neustift im M\u00fchlkreis","og_description":"Kontakt: Volksschule Neustift Schulstra\u00dfe 2 4143 Neustift i.M. Tel:&nbsp; 07284 8195 Leitung der Schule:\u00a0 Schulleiter:&nbsp; Richard Gabriel, M.A. Mail: s413251@schule-ooe.at vs.neustift.mkr@eduhi.at . Impressum Haftungsausschluss: Diese Website dient zu Ihrer Information. Sie wird mit Sorgfalt bearbeitet. Sowohl f\u00fcr die Auswahl der einzelnen Verweise wie f\u00fcr die Beitr\u00e4ge kann f\u00fcr Vollst\u00e4ndigkeit, Auswahl und inhaltliche Richtigkeit der Informationen &hellip; Kontakt\/Impressum weiterlesen","og_url":"https:\/\/vsneustift.at\/?page_id=41","og_site_name":"Volksschule Neustift im M\u00fchlkreis","twitter_card":"summary_large_image","twitter_misc":{"Gesch\u00e4tzte Lesezeit":"1\u00a0Minute"},"schema":{"@context":"https:\/\/schema.org","@graph":[{"@type":"WebPage","@id":"https:\/\/vsneustift.at\/?page_id=41","url":"https:\/\/vsneustift.at\/?page_id=41","name":"Kontakt\/Impressum - Volksschule Neustift im M\u00fchlkreis","isPartOf":{"@id":"https:\/\/vsneustift.at\/#website"},"datePublished":"2020-10-26T10:50:38+00:00","dateModified":"2020-10-26T10:50:38+00:00","breadcrumb":{"@id":"https:\/\/vsneustift.at\/?page_id=41#breadcrumb"},"inLanguage":"de","potentialAction":[{"@type":"ReadAction","target":["https:\/\/vsneustift.at\/?page_id=41"]}]},{"@type":"BreadcrumbList","@id":"https:\/\/vsneustift.at\/?page_id=41#breadcrumb","itemListElement":[{"@type":"ListItem","position":1,"name":"Startseite","item":"https:\/\/vsneustift.at\/"},{"@type":"ListItem","position":2,"name":"Kontakt\/Impressum"}]},{"@type":"WebSite","@id":"https:\/\/vsneustift.at\/#website","url":"https:\/\/vsneustift.at\/","name":"Volksschule Neustift im M\u00fchlkreis","description":"Schulstra\u00dfe 2, 4143 Neustift im M\u00fchlkreis. Eine aktive Schule mit musikalischen, kreativen und sportlichen Schwerpunkten sowie christlichen Werten und gelebter Schulpartnerschaft!","publisher":{"@id":"https:\/\/vsneustift.at\/#organization"},"potentialAction":[{"@type":"SearchAction","target":{"@type":"EntryPoint","urlTemplate":"https:\/\/vsneustift.at\/?s={search_term_string}"},"query-input":"required name=search_term_string"}],"inLanguage":"de"},{"@type":"Organization","@id":"https:\/\/vsneustift.at\/#organization","name":"Volksschule Neustift i. M.","url":"https:\/\/vsneustift.at\/","logo":{"@type":"ImageObject","inLanguage":"de","@id":"https:\/\/vsneustift.at\/#\/schema\/logo\/image\/","url":"https:\/\/vsneustift.at\/wp-content\/uploads\/2020\/10\/vs-logo-gut.jpg","contentUrl":"https:\/\/vsneustift.at\/wp-content\/uploads\/2020\/10\/vs-logo-gut.jpg","width":861,"height":331,"caption":"Volksschule Neustift i. M."},"image":{"@id":"https:\/\/vsneustift.at\/#\/schema\/logo\/image\/"}}]}},"_links":{"self":[{"href":"https:\/\/vsneustift.at\/index.php?rest_route=\/wp\/v2\/pages\/41","targetHints":{"allow":["GET"]}}],"collection":[{"href":"https:\/\/vsneustift.at\/index.php?rest_route=\/wp\/v2\/pages"}],"about":[{"href":"https:\/\/vsneustift.at\/index.php?rest_route=\/wp\/v2\/types\/page"}],"author":[{"embeddable":true,"href":"https:\/\/vsneustift.at\/index.php?rest_route=\/wp\/v2\/users\/1"}],"replies":[{"embeddable":true,"href":"https:\/\/vsneustift.at\/index.php?rest_route=%2Fwp%2Fv2%2Fcomments&post=41"}],"version-history":[{"count":0,"href":"https:\/\/vsneustift.at\/index.php?rest_route=\/wp\/v2\/pages\/41\/revisions"}],"wp:attachment":[{"href":"https:\/\/vsneustift.at\/index.php?rest_route=%2Fwp%2Fv2%2Fmedia&parent=41"}],"curies":[{"name":"wp","href":"https:\/\/api.w.org\/{rel}","templated":true}]}}