{"id":40,"date":"2020-10-26T11:50:37","date_gmt":"2020-10-26T10:50:37","guid":{"rendered":"https:\/\/vsneustift.wordpress.com\/?page_id=40"},"modified":"2025-02-15T12:02:49","modified_gmt":"2025-02-15T12:02:49","slug":"lernecke","status":"publish","type":"page","link":"https:\/\/vsneustift.at\/?page_id=40","title":{"rendered":"Lernecke\/Downloads"},"content":{"rendered":"\n<p style=\"line-height:0\">Hier finden Sie n\u00fctzliche Links, die das Lernen erleichtern!<\/p>\n\n\n\n<ul class=\"wp-block-list\">\n<li><a href=\"http:\/\/vs.schule.at\">vs.schule.at<\/a><\/li>\n\n\n\n<li><a href=\"http:\/\/www.kidsnet.at\/\" target=\"_blank\" rel=\"noreferrer noopener\">www.kidsnet.at<\/a><\/li>\n\n\n\n<li><a href=\"http:\/\/www.kidsweb.at\/\" target=\"_blank\" rel=\"noreferrer noopener\">www.kidsweb.at<\/a><\/li>\n\n\n\n<li><a href=\"http:\/\/www.zzzebra.de\/\" target=\"_blank\" rel=\"noreferrer noopener\">www.zzzebra.de<\/a><\/li>\n\n\n\n<li><a href=\"http:\/\/www.kindernetz.de\/\" target=\"_blank\" rel=\"noreferrer noopener\">www.kindernetz.de<\/a><\/li>\n\n\n\n<li><a href=\"http:\/\/www.kidsville.de\/\" target=\"_blank\" rel=\"noreferrer noopener\">www.kidsville.de<\/a><\/li>\n<\/ul>\n\n\n<p><img loading=\"lazy\" decoding=\"async\" class=\" wp-image-261 alignleft\" src=\"https:\/\/vsneustift.at\/wp-content\/uploads\/2020\/11\/logo-hallo-app-3.png\" alt=\"\" width=\"168\" height=\"112\" \/><\/p>\n<p>Klassenpinnwand und Hallo! Eltern-App:<\/p>\n<p>In unserer Schule ist die Lernplattform \u201eKlassenpinnwand\u201c eingef\u00fchrt. Die Kommunikation zwischen Schule und Eltern erfolgt mit \u201eHallo! Eltern\u201c App. Hier Informationen dazu bzw. Anleitungen zur Installation und Nutzung: <a href=\"https:\/\/klassenpinnwand.at\/elterninfo\">https:\/\/klassenpinnwand.at\/elterninfo<\/a><\/p>\n\n\n<p><\/p>\n\n\n\n<div data-wp-interactive=\"core\/file\" class=\"wp-block-file\"><object data-wp-bind--hidden=\"!state.hasPdfPreview\" hidden class=\"wp-block-file__embed\" data=\"https:\/\/vsneustift.at\/wp-content\/uploads\/2025\/02\/BALDT_DYS_Leitbild-Schule_VS-Neustift.pdf\" type=\"application\/pdf\" style=\"width:100%;height:600px\" aria-label=\"Einbettung von BALDT_DYS_Leitbild-Schule_VS Neustift.\"><\/object><a id=\"wp-block-file--media-ff6d4072-05ec-4f32-b2dc-d9e0a6cc2a6a\" href=\"https:\/\/vsneustift.at\/wp-content\/uploads\/2025\/02\/BALDT_DYS_Leitbild-Schule_VS-Neustift.pdf\">BALDT_DYS_Leitbild-Schule_VS Neustift<\/a><a href=\"https:\/\/vsneustift.at\/wp-content\/uploads\/2025\/02\/BALDT_DYS_Leitbild-Schule_VS-Neustift.pdf\" class=\"wp-block-file__button wp-element-button\" download aria-describedby=\"wp-block-file--media-ff6d4072-05ec-4f32-b2dc-d9e0a6cc2a6a\">Herunterladen<\/a><\/div>\n\n\n\n<div data-wp-interactive=\"core\/file\" class=\"wp-block-file\"><object data-wp-bind--hidden=\"!state.hasPdfPreview\" hidden class=\"wp-block-file__embed\" data=\"https:\/\/vsneustift.at\/wp-content\/uploads\/2025\/02\/BALDT_LRS_Leitbild-Schule_VS-Neustift.pdf\" type=\"application\/pdf\" style=\"width:100%;height:600px\" aria-label=\"Einbettung von BALDT_LRS_Leitbild-Schule_VS Neustift.\"><\/object><a id=\"wp-block-file--media-3c07d9cd-cf2f-4f35-809d-54ff1d45e1fa\" href=\"https:\/\/vsneustift.at\/wp-content\/uploads\/2025\/02\/BALDT_LRS_Leitbild-Schule_VS-Neustift.pdf\">BALDT_LRS_Leitbild-Schule_VS Neustift<\/a><a href=\"https:\/\/vsneustift.at\/wp-content\/uploads\/2025\/02\/BALDT_LRS_Leitbild-Schule_VS-Neustift.pdf\" class=\"wp-block-file__button wp-element-button\" download aria-describedby=\"wp-block-file--media-3c07d9cd-cf2f-4f35-809d-54ff1d45e1fa\">Herunterladen<\/a><\/div>\n","protected":false},"excerpt":{"rendered":"<p>Hier finden Sie n\u00fctzliche Links, die das Lernen erleichtern! Klassenpinnwand und Hallo! Eltern-App: In unserer Schule ist die Lernplattform \u201eKlassenpinnwand\u201c eingef\u00fchrt. Die Kommunikation zwischen Schule und Eltern erfolgt mit \u201eHallo! Eltern\u201c App. Hier Informationen dazu bzw. Anleitungen zur Installation und Nutzung: https:\/\/klassenpinnwand.at\/elterninfo<\/p>\n","protected":false},"author":1,"featured_media":0,"parent":0,"menu_order":0,"comment_status":"closed","ping_status":"closed","template":"","meta":{"footnotes":""},"class_list":["post-40","page","type-page","status-publish","hentry"],"yoast_head":"<!-- This site is optimized with the Yoast SEO plugin v21.7 - https:\/\/yoast.com\/wordpress\/plugins\/seo\/ -->\n<title>Lernecke\/Downloads - Volksschule Neustift im M\u00fchlkreis<\/title>\n<meta name=\"robots\" content=\"index, follow, max-snippet:-1, max-image-preview:large, max-video-preview:-1\" \/>\n<link rel=\"canonical\" href=\"https:\/\/vsneustift.at\/?page_id=40\" \/>\n<meta property=\"og:locale\" content=\"de_DE\" \/>\n<meta property=\"og:type\" content=\"article\" \/>\n<meta property=\"og:title\" content=\"Lernecke\/Downloads - Volksschule Neustift im M\u00fchlkreis\" \/>\n<meta property=\"og:description\" content=\"Hier finden Sie n\u00fctzliche Links, die das Lernen erleichtern! Klassenpinnwand und Hallo! Eltern-App: In unserer Schule ist die Lernplattform \u201eKlassenpinnwand\u201c eingef\u00fchrt. Die Kommunikation zwischen Schule und Eltern erfolgt mit \u201eHallo! Eltern\u201c App. Hier Informationen dazu bzw. Anleitungen zur Installation und Nutzung: https:\/\/klassenpinnwand.at\/elterninfo\" \/>\n<meta property=\"og:url\" content=\"https:\/\/vsneustift.at\/?page_id=40\" \/>\n<meta property=\"og:site_name\" content=\"Volksschule Neustift im M\u00fchlkreis\" \/>\n<meta property=\"article:modified_time\" content=\"2025-02-15T12:02:49+00:00\" \/>\n<meta property=\"og:image\" content=\"https:\/\/vsneustift.at\/wp-content\/uploads\/2020\/11\/logo-hallo-app-3.png\" \/>\n<meta name=\"twitter:card\" content=\"summary_large_image\" \/>\n<meta name=\"twitter:label1\" content=\"Gesch\u00e4tzte Lesezeit\" \/>\n\t<meta name=\"twitter:data1\" content=\"1\u00a0Minute\" \/>\n<script type=\"application\/ld+json\" class=\"yoast-schema-graph\">{\"@context\":\"https:\/\/schema.org\",\"@graph\":[{\"@type\":\"WebPage\",\"@id\":\"https:\/\/vsneustift.at\/?page_id=40\",\"url\":\"https:\/\/vsneustift.at\/?page_id=40\",\"name\":\"Lernecke\/Downloads - Volksschule Neustift im M\u00fchlkreis\",\"isPartOf\":{\"@id\":\"https:\/\/vsneustift.at\/#website\"},\"datePublished\":\"2020-10-26T10:50:37+00:00\",\"dateModified\":\"2025-02-15T12:02:49+00:00\",\"breadcrumb\":{\"@id\":\"https:\/\/vsneustift.at\/?page_id=40#breadcrumb\"},\"inLanguage\":\"de\",\"potentialAction\":[{\"@type\":\"ReadAction\",\"target\":[\"https:\/\/vsneustift.at\/?page_id=40\"]}]},{\"@type\":\"BreadcrumbList\",\"@id\":\"https:\/\/vsneustift.at\/?page_id=40#breadcrumb\",\"itemListElement\":[{\"@type\":\"ListItem\",\"position\":1,\"name\":\"Startseite\",\"item\":\"https:\/\/vsneustift.at\/\"},{\"@type\":\"ListItem\",\"position\":2,\"name\":\"Lernecke\/Downloads\"}]},{\"@type\":\"WebSite\",\"@id\":\"https:\/\/vsneustift.at\/#website\",\"url\":\"https:\/\/vsneustift.at\/\",\"name\":\"Volksschule Neustift im M\u00fchlkreis\",\"description\":\"Schulstra\u00dfe 2, 4143 Neustift im M\u00fchlkreis. Eine aktive Schule mit musikalischen, kreativen und sportlichen Schwerpunkten sowie christlichen Werten und gelebter Schulpartnerschaft!\",\"publisher\":{\"@id\":\"https:\/\/vsneustift.at\/#organization\"},\"potentialAction\":[{\"@type\":\"SearchAction\",\"target\":{\"@type\":\"EntryPoint\",\"urlTemplate\":\"https:\/\/vsneustift.at\/?s={search_term_string}\"},\"query-input\":\"required name=search_term_string\"}],\"inLanguage\":\"de\"},{\"@type\":\"Organization\",\"@id\":\"https:\/\/vsneustift.at\/#organization\",\"name\":\"Volksschule Neustift i. M.\",\"url\":\"https:\/\/vsneustift.at\/\",\"logo\":{\"@type\":\"ImageObject\",\"inLanguage\":\"de\",\"@id\":\"https:\/\/vsneustift.at\/#\/schema\/logo\/image\/\",\"url\":\"https:\/\/vsneustift.at\/wp-content\/uploads\/2020\/10\/vs-logo-gut.jpg\",\"contentUrl\":\"https:\/\/vsneustift.at\/wp-content\/uploads\/2020\/10\/vs-logo-gut.jpg\",\"width\":861,\"height\":331,\"caption\":\"Volksschule Neustift i. M.\"},\"image\":{\"@id\":\"https:\/\/vsneustift.at\/#\/schema\/logo\/image\/\"}}]}<\/script>\n<!-- \/ Yoast SEO plugin. -->","yoast_head_json":{"title":"Lernecke\/Downloads - Volksschule Neustift im M\u00fchlkreis","robots":{"index":"index","follow":"follow","max-snippet":"max-snippet:-1","max-image-preview":"max-image-preview:large","max-video-preview":"max-video-preview:-1"},"canonical":"https:\/\/vsneustift.at\/?page_id=40","og_locale":"de_DE","og_type":"article","og_title":"Lernecke\/Downloads - Volksschule Neustift im M\u00fchlkreis","og_description":"Hier finden Sie n\u00fctzliche Links, die das Lernen erleichtern! Klassenpinnwand und Hallo! Eltern-App: In unserer Schule ist die Lernplattform \u201eKlassenpinnwand\u201c eingef\u00fchrt. Die Kommunikation zwischen Schule und Eltern erfolgt mit \u201eHallo! Eltern\u201c App. Hier Informationen dazu bzw. Anleitungen zur Installation und Nutzung: https:\/\/klassenpinnwand.at\/elterninfo","og_url":"https:\/\/vsneustift.at\/?page_id=40","og_site_name":"Volksschule Neustift im M\u00fchlkreis","article_modified_time":"2025-02-15T12:02:49+00:00","og_image":[{"url":"https:\/\/vsneustift.at\/wp-content\/uploads\/2020\/11\/logo-hallo-app-3.png"}],"twitter_card":"summary_large_image","twitter_misc":{"Gesch\u00e4tzte Lesezeit":"1\u00a0Minute"},"schema":{"@context":"https:\/\/schema.org","@graph":[{"@type":"WebPage","@id":"https:\/\/vsneustift.at\/?page_id=40","url":"https:\/\/vsneustift.at\/?page_id=40","name":"Lernecke\/Downloads - Volksschule Neustift im M\u00fchlkreis","isPartOf":{"@id":"https:\/\/vsneustift.at\/#website"},"datePublished":"2020-10-26T10:50:37+00:00","dateModified":"2025-02-15T12:02:49+00:00","breadcrumb":{"@id":"https:\/\/vsneustift.at\/?page_id=40#breadcrumb"},"inLanguage":"de","potentialAction":[{"@type":"ReadAction","target":["https:\/\/vsneustift.at\/?page_id=40"]}]},{"@type":"BreadcrumbList","@id":"https:\/\/vsneustift.at\/?page_id=40#breadcrumb","itemListElement":[{"@type":"ListItem","position":1,"name":"Startseite","item":"https:\/\/vsneustift.at\/"},{"@type":"ListItem","position":2,"name":"Lernecke\/Downloads"}]},{"@type":"WebSite","@id":"https:\/\/vsneustift.at\/#website","url":"https:\/\/vsneustift.at\/","name":"Volksschule Neustift im M\u00fchlkreis","description":"Schulstra\u00dfe 2, 4143 Neustift im M\u00fchlkreis. Eine aktive Schule mit musikalischen, kreativen und sportlichen Schwerpunkten sowie christlichen Werten und gelebter Schulpartnerschaft!","publisher":{"@id":"https:\/\/vsneustift.at\/#organization"},"potentialAction":[{"@type":"SearchAction","target":{"@type":"EntryPoint","urlTemplate":"https:\/\/vsneustift.at\/?s={search_term_string}"},"query-input":"required name=search_term_string"}],"inLanguage":"de"},{"@type":"Organization","@id":"https:\/\/vsneustift.at\/#organization","name":"Volksschule Neustift i. M.","url":"https:\/\/vsneustift.at\/","logo":{"@type":"ImageObject","inLanguage":"de","@id":"https:\/\/vsneustift.at\/#\/schema\/logo\/image\/","url":"https:\/\/vsneustift.at\/wp-content\/uploads\/2020\/10\/vs-logo-gut.jpg","contentUrl":"https:\/\/vsneustift.at\/wp-content\/uploads\/2020\/10\/vs-logo-gut.jpg","width":861,"height":331,"caption":"Volksschule Neustift i. M."},"image":{"@id":"https:\/\/vsneustift.at\/#\/schema\/logo\/image\/"}}]}},"_links":{"self":[{"href":"https:\/\/vsneustift.at\/index.php?rest_route=\/wp\/v2\/pages\/40","targetHints":{"allow":["GET"]}}],"collection":[{"href":"https:\/\/vsneustift.at\/index.php?rest_route=\/wp\/v2\/pages"}],"about":[{"href":"https:\/\/vsneustift.at\/index.php?rest_route=\/wp\/v2\/types\/page"}],"author":[{"embeddable":true,"href":"https:\/\/vsneustift.at\/index.php?rest_route=\/wp\/v2\/users\/1"}],"replies":[{"embeddable":true,"href":"https:\/\/vsneustift.at\/index.php?rest_route=%2Fwp%2Fv2%2Fcomments&post=40"}],"version-history":[{"count":4,"href":"https:\/\/vsneustift.at\/index.php?rest_route=\/wp\/v2\/pages\/40\/revisions"}],"predecessor-version":[{"id":2991,"href":"https:\/\/vsneustift.at\/index.php?rest_route=\/wp\/v2\/pages\/40\/revisions\/2991"}],"wp:attachment":[{"href":"https:\/\/vsneustift.at\/index.php?rest_route=%2Fwp%2Fv2%2Fmedia&parent=40"}],"curies":[{"name":"wp","href":"https:\/\/api.w.org\/{rel}","templated":true}]}}