{"id":39,"date":"2020-10-26T11:50:35","date_gmt":"2020-10-26T11:50:35","guid":{"rendered":"https:\/\/vsneustift.wordpress.com\/?page_id=39"},"modified":"2025-10-06T06:43:53","modified_gmt":"2025-10-06T06:43:53","slug":"elternverein","status":"publish","type":"page","link":"https:\/\/vsneustift.at\/?page_id=39","title":{"rendered":"Elternverein"},"content":{"rendered":"\n<figure class=\"wp-block-image size-full\"><img loading=\"lazy\" decoding=\"async\" width=\"768\" height=\"1024\" src=\"https:\/\/vsneustift.at\/wp-content\/uploads\/2024\/11\/GJ-okt-13.jpg\" alt=\"\" class=\"wp-image-2902\" srcset=\"https:\/\/vsneustift.at\/wp-content\/uploads\/2024\/11\/GJ-okt-13.jpg 768w, https:\/\/vsneustift.at\/wp-content\/uploads\/2024\/11\/GJ-okt-13-225x300.jpg 225w\" sizes=\"auto, (max-width: 768px) 100vw, 768px\" \/><\/figure>\n\n\n\n<p><img loading=\"lazy\" decoding=\"async\" width=\"115\" height=\"115\" class=\"wp-image-152 alignleft\" src=\"https:\/\/vsneustift.at\/wp-content\/uploads\/2020\/11\/ev-logo-1.jpg?w=115\" alt=\"\">Unser Programm besteht aus gemeinsamen Aktivit\u00e4ten und Veranstaltungen mit der Volksschule Neustift, Eltern und Sch\u00fclerInnen. Bei diesen Veranstaltungen wird gemeinsam gefeiert und gearbeitet. Unser Ziel ist es, f\u00fcr unsere Kinder in der Volksschule Neustift das Jahr umfangreich zu gestalten!<\/p>\n\n\n\n<p>Mit dem Erl\u00f6s der Veranstaltungen werden Ger\u00e4te f\u00fcr den Schulalltag, B\u00fccher, Spiele usw. angekauft.<\/p>\n\n\n\n<p style=\"line-height:0\"><strong>Obfrau:<\/strong> Kerstin SEE<\/p>\n\n\n\n<p><strong>Obfrau-Stv.:<\/strong> Silvia HURNAUS<\/p>\n\n\n\n<p style=\"line-height:0\"><strong>Kassierin:<\/strong> Daniela Kraxberger<\/p>\n\n\n\n<p style=\"line-height:0\"><strong>Schriftf\u00fchrerin:<\/strong> Nadine Wundsam<\/p>\n\n\n\n<p><strong>Beir\u00e4te:<\/strong> Team EV Neustift<\/p>\n\n\n\n<p><strong>Fixe Programmpunkte:<\/strong><\/p>\n\n\n\n<ul class=\"wp-block-list\">\n<li>1x im Monat Gesunde Schuljause<\/li>\n\n\n\n<li>Fasching &amp; Nikolaus<\/li>\n\n\n\n<li>Elterncafe<\/li>\n\n\n\n<li>Kino in der Schule<\/li>\n\n\n\n<li>Schulabschlussfest<\/li>\n\n\n\n<li>Ferienprogramm<\/li>\n\n\n\n<li>Buchausstellung<\/li>\n\n\n\n<li>Hirtenspiel<\/li>\n\n\n\n<li>Weihnachtsfreude aus der Schuhschachtel<\/li>\n<\/ul>\n","protected":false},"excerpt":{"rendered":"<p>Unser Programm besteht aus gemeinsamen Aktivit\u00e4ten und Veranstaltungen mit der Volksschule Neustift, Eltern und Sch\u00fclerInnen. Bei diesen Veranstaltungen wird gemeinsam gefeiert und gearbeitet. Unser Ziel ist es, f\u00fcr unsere Kinder in der Volksschule Neustift das Jahr umfangreich zu gestalten! Mit dem Erl\u00f6s der Veranstaltungen werden Ger\u00e4te f\u00fcr den Schulalltag, B\u00fccher, Spiele usw. angekauft. Obfrau: Kerstin &hellip; <a href=\"https:\/\/vsneustift.at\/?page_id=39\" class=\"more-link\"><span class=\"screen-reader-text\">Elternverein<\/span> weiterlesen<\/a><\/p>\n","protected":false},"author":1,"featured_media":0,"parent":0,"menu_order":0,"comment_status":"closed","ping_status":"closed","template":"","meta":{"footnotes":""},"class_list":["post-39","page","type-page","status-publish","hentry"],"yoast_head":"<!-- This site is optimized with the Yoast SEO plugin v21.7 - https:\/\/yoast.com\/wordpress\/plugins\/seo\/ -->\n<title>Elternverein - Volksschule Neustift im M\u00fchlkreis<\/title>\n<meta name=\"robots\" content=\"index, follow, max-snippet:-1, max-image-preview:large, max-video-preview:-1\" \/>\n<link rel=\"canonical\" href=\"https:\/\/vsneustift.at\/?page_id=39\" \/>\n<meta property=\"og:locale\" content=\"de_DE\" \/>\n<meta property=\"og:type\" content=\"article\" \/>\n<meta property=\"og:title\" content=\"Elternverein - Volksschule Neustift im M\u00fchlkreis\" \/>\n<meta property=\"og:description\" content=\"Unser Programm besteht aus gemeinsamen Aktivit\u00e4ten und Veranstaltungen mit der Volksschule Neustift, Eltern und Sch\u00fclerInnen. Bei diesen Veranstaltungen wird gemeinsam gefeiert und gearbeitet. Unser Ziel ist es, f\u00fcr unsere Kinder in der Volksschule Neustift das Jahr umfangreich zu gestalten! Mit dem Erl\u00f6s der Veranstaltungen werden Ger\u00e4te f\u00fcr den Schulalltag, B\u00fccher, Spiele usw. angekauft. Obfrau: Kerstin &hellip; Elternverein weiterlesen\" \/>\n<meta property=\"og:url\" content=\"https:\/\/vsneustift.at\/?page_id=39\" \/>\n<meta property=\"og:site_name\" content=\"Volksschule Neustift im M\u00fchlkreis\" \/>\n<meta property=\"article:modified_time\" content=\"2025-10-06T06:43:53+00:00\" \/>\n<meta property=\"og:image\" content=\"https:\/\/vsneustift.at\/wp-content\/uploads\/2024\/11\/GJ-okt-13.jpg\" \/>\n<meta name=\"twitter:card\" content=\"summary_large_image\" \/>\n<meta name=\"twitter:label1\" content=\"Gesch\u00e4tzte Lesezeit\" \/>\n\t<meta name=\"twitter:data1\" content=\"1\u00a0Minute\" \/>\n<script type=\"application\/ld+json\" class=\"yoast-schema-graph\">{\"@context\":\"https:\/\/schema.org\",\"@graph\":[{\"@type\":\"WebPage\",\"@id\":\"https:\/\/vsneustift.at\/?page_id=39\",\"url\":\"https:\/\/vsneustift.at\/?page_id=39\",\"name\":\"Elternverein - Volksschule Neustift im M\u00fchlkreis\",\"isPartOf\":{\"@id\":\"https:\/\/vsneustift.at\/#website\"},\"datePublished\":\"2020-10-26T11:50:35+00:00\",\"dateModified\":\"2025-10-06T06:43:53+00:00\",\"breadcrumb\":{\"@id\":\"https:\/\/vsneustift.at\/?page_id=39#breadcrumb\"},\"inLanguage\":\"de\",\"potentialAction\":[{\"@type\":\"ReadAction\",\"target\":[\"https:\/\/vsneustift.at\/?page_id=39\"]}]},{\"@type\":\"BreadcrumbList\",\"@id\":\"https:\/\/vsneustift.at\/?page_id=39#breadcrumb\",\"itemListElement\":[{\"@type\":\"ListItem\",\"position\":1,\"name\":\"Startseite\",\"item\":\"https:\/\/vsneustift.at\/\"},{\"@type\":\"ListItem\",\"position\":2,\"name\":\"Elternverein\"}]},{\"@type\":\"WebSite\",\"@id\":\"https:\/\/vsneustift.at\/#website\",\"url\":\"https:\/\/vsneustift.at\/\",\"name\":\"Volksschule Neustift im M\u00fchlkreis\",\"description\":\"Schulstra\u00dfe 2, 4143 Neustift im M\u00fchlkreis. Eine aktive Schule mit musikalischen, kreativen und sportlichen Schwerpunkten sowie christlichen Werten und gelebter Schulpartnerschaft!\",\"publisher\":{\"@id\":\"https:\/\/vsneustift.at\/#organization\"},\"potentialAction\":[{\"@type\":\"SearchAction\",\"target\":{\"@type\":\"EntryPoint\",\"urlTemplate\":\"https:\/\/vsneustift.at\/?s={search_term_string}\"},\"query-input\":\"required name=search_term_string\"}],\"inLanguage\":\"de\"},{\"@type\":\"Organization\",\"@id\":\"https:\/\/vsneustift.at\/#organization\",\"name\":\"Volksschule Neustift i. M.\",\"url\":\"https:\/\/vsneustift.at\/\",\"logo\":{\"@type\":\"ImageObject\",\"inLanguage\":\"de\",\"@id\":\"https:\/\/vsneustift.at\/#\/schema\/logo\/image\/\",\"url\":\"https:\/\/vsneustift.at\/wp-content\/uploads\/2020\/10\/vs-logo-gut.jpg\",\"contentUrl\":\"https:\/\/vsneustift.at\/wp-content\/uploads\/2020\/10\/vs-logo-gut.jpg\",\"width\":861,\"height\":331,\"caption\":\"Volksschule Neustift i. M.\"},\"image\":{\"@id\":\"https:\/\/vsneustift.at\/#\/schema\/logo\/image\/\"}}]}<\/script>\n<!-- \/ Yoast SEO plugin. -->","yoast_head_json":{"title":"Elternverein - Volksschule Neustift im M\u00fchlkreis","robots":{"index":"index","follow":"follow","max-snippet":"max-snippet:-1","max-image-preview":"max-image-preview:large","max-video-preview":"max-video-preview:-1"},"canonical":"https:\/\/vsneustift.at\/?page_id=39","og_locale":"de_DE","og_type":"article","og_title":"Elternverein - Volksschule Neustift im M\u00fchlkreis","og_description":"Unser Programm besteht aus gemeinsamen Aktivit\u00e4ten und Veranstaltungen mit der Volksschule Neustift, Eltern und Sch\u00fclerInnen. Bei diesen Veranstaltungen wird gemeinsam gefeiert und gearbeitet. Unser Ziel ist es, f\u00fcr unsere Kinder in der Volksschule Neustift das Jahr umfangreich zu gestalten! Mit dem Erl\u00f6s der Veranstaltungen werden Ger\u00e4te f\u00fcr den Schulalltag, B\u00fccher, Spiele usw. angekauft. Obfrau: Kerstin &hellip; Elternverein weiterlesen","og_url":"https:\/\/vsneustift.at\/?page_id=39","og_site_name":"Volksschule Neustift im M\u00fchlkreis","article_modified_time":"2025-10-06T06:43:53+00:00","og_image":[{"url":"https:\/\/vsneustift.at\/wp-content\/uploads\/2024\/11\/GJ-okt-13.jpg"}],"twitter_card":"summary_large_image","twitter_misc":{"Gesch\u00e4tzte Lesezeit":"1\u00a0Minute"},"schema":{"@context":"https:\/\/schema.org","@graph":[{"@type":"WebPage","@id":"https:\/\/vsneustift.at\/?page_id=39","url":"https:\/\/vsneustift.at\/?page_id=39","name":"Elternverein - Volksschule Neustift im M\u00fchlkreis","isPartOf":{"@id":"https:\/\/vsneustift.at\/#website"},"datePublished":"2020-10-26T11:50:35+00:00","dateModified":"2025-10-06T06:43:53+00:00","breadcrumb":{"@id":"https:\/\/vsneustift.at\/?page_id=39#breadcrumb"},"inLanguage":"de","potentialAction":[{"@type":"ReadAction","target":["https:\/\/vsneustift.at\/?page_id=39"]}]},{"@type":"BreadcrumbList","@id":"https:\/\/vsneustift.at\/?page_id=39#breadcrumb","itemListElement":[{"@type":"ListItem","position":1,"name":"Startseite","item":"https:\/\/vsneustift.at\/"},{"@type":"ListItem","position":2,"name":"Elternverein"}]},{"@type":"WebSite","@id":"https:\/\/vsneustift.at\/#website","url":"https:\/\/vsneustift.at\/","name":"Volksschule Neustift im M\u00fchlkreis","description":"Schulstra\u00dfe 2, 4143 Neustift im M\u00fchlkreis. Eine aktive Schule mit musikalischen, kreativen und sportlichen Schwerpunkten sowie christlichen Werten und gelebter Schulpartnerschaft!","publisher":{"@id":"https:\/\/vsneustift.at\/#organization"},"potentialAction":[{"@type":"SearchAction","target":{"@type":"EntryPoint","urlTemplate":"https:\/\/vsneustift.at\/?s={search_term_string}"},"query-input":"required name=search_term_string"}],"inLanguage":"de"},{"@type":"Organization","@id":"https:\/\/vsneustift.at\/#organization","name":"Volksschule Neustift i. M.","url":"https:\/\/vsneustift.at\/","logo":{"@type":"ImageObject","inLanguage":"de","@id":"https:\/\/vsneustift.at\/#\/schema\/logo\/image\/","url":"https:\/\/vsneustift.at\/wp-content\/uploads\/2020\/10\/vs-logo-gut.jpg","contentUrl":"https:\/\/vsneustift.at\/wp-content\/uploads\/2020\/10\/vs-logo-gut.jpg","width":861,"height":331,"caption":"Volksschule Neustift i. M."},"image":{"@id":"https:\/\/vsneustift.at\/#\/schema\/logo\/image\/"}}]}},"_links":{"self":[{"href":"https:\/\/vsneustift.at\/index.php?rest_route=\/wp\/v2\/pages\/39","targetHints":{"allow":["GET"]}}],"collection":[{"href":"https:\/\/vsneustift.at\/index.php?rest_route=\/wp\/v2\/pages"}],"about":[{"href":"https:\/\/vsneustift.at\/index.php?rest_route=\/wp\/v2\/types\/page"}],"author":[{"embeddable":true,"href":"https:\/\/vsneustift.at\/index.php?rest_route=\/wp\/v2\/users\/1"}],"replies":[{"embeddable":true,"href":"https:\/\/vsneustift.at\/index.php?rest_route=%2Fwp%2Fv2%2Fcomments&post=39"}],"version-history":[{"count":5,"href":"https:\/\/vsneustift.at\/index.php?rest_route=\/wp\/v2\/pages\/39\/revisions"}],"predecessor-version":[{"id":3370,"href":"https:\/\/vsneustift.at\/index.php?rest_route=\/wp\/v2\/pages\/39\/revisions\/3370"}],"wp:attachment":[{"href":"https:\/\/vsneustift.at\/index.php?rest_route=%2Fwp%2Fv2%2Fmedia&parent=39"}],"curies":[{"name":"wp","href":"https:\/\/api.w.org\/{rel}","templated":true}]}}