{"id":38,"date":"2020-10-26T11:50:33","date_gmt":"2020-10-26T11:50:33","guid":{"rendered":"https:\/\/vsneustift.wordpress.com\/?page_id=38"},"modified":"2025-11-05T09:28:09","modified_gmt":"2025-11-05T09:28:09","slug":"nachmittagsbetreuung","status":"publish","type":"page","link":"https:\/\/vsneustift.at\/?page_id=38","title":{"rendered":"Nachmittagsbetreuung"},"content":{"rendered":"\n<p><strong>Sch\u00fclernachmittagsbetreuung an der VS Neustift<\/strong> seit September 2016<\/p>\n\n\n\n<p>Vom warmen Mittagessen nach dem Unterricht, \u00fcber p\u00e4dagogische Unterst\u00fctzung bei der Haus\u00fcbung bis hin zum gemeinsamen Spielen! Die schulische Nachmittagsbetreuung ist eine von der Schule in Zusammenarbeit mit dem O\u00d6 Hilfswerk organisierte Betreuung.<br><\/p>\n\n\n\n<p style=\"line-height:1.1\"><strong>Sie unterteilt sich in:<\/strong><\/p>\n\n\n\n<ul class=\"wp-block-list\">\n<li><strong>Lernzeit<\/strong>: wird in der Klasse von einem Lehrer begleitet<\/li>\n\n\n\n<li><strong>Freizeit:<\/strong> ein eigener Gruppenraum mit ausreichend Spielmaterial steht zur Verf\u00fcgung<\/li>\n\n\n\n<li>gemeinsames Basteln, Kochen, Feiern von Festen, Bewegung im Turnsaal oder am Spielplatz und Ausfl\u00fcge in n\u00e4herer Umgebung stehen auf dem Programm<\/li>\n<\/ul>\n\n\n\n<p><\/p>\n\n\n\n<p><strong>Anmeldung<\/strong>: ist bei der Schulleitung bekannt zu geben. Eine Anmeldung ist monatlich w\u00e4hrend dem Schuljahr m\u00f6glich, eine Abmeldung immer zum jeweiligen Semester.<\/p>\n\n\n\n<p><strong>\u00d6ffnungszeiten:<\/strong>&nbsp; von Montag bis Donnerstag nach Unterrichtsende bis 16.00 Uhr an Schultagen<\/p>\n\n\n\n<p><strong>Mittagessen<\/strong>:  GH Wundsam<br>\u00a0\u00a0\u00a0\u00a0\u00a0\u00a0\u00a0\u00a0\u00a0\u00a0\u00a0\u00a0\u00a0\u00a0\u00a0\u00a0\u00a0\u00a0\u00a0\u00a0\u00a0\u00a0\u00a0<\/p>\n\n\n\n<p><strong>Kosten<\/strong>:  1 Tag pro Woche:&nbsp;&nbsp; &nbsp;&#8230;  Euro (siehe Anmeldungsblatt)<br>&nbsp;&nbsp;&nbsp;&nbsp;&nbsp;&nbsp;&nbsp;&nbsp;&nbsp;&nbsp;&nbsp;&nbsp;&nbsp;&nbsp;  2 Tage pro Woche:&nbsp;&nbsp;&#8230;  Euro<br>&nbsp;&nbsp;&nbsp;&nbsp;&nbsp;&nbsp;&nbsp;&nbsp;&nbsp;&nbsp;&nbsp;&nbsp;&nbsp;&nbsp;  3 Tage pro Woche:&nbsp; &#8230;  Euro<br>&nbsp;&nbsp;&nbsp;&nbsp;&nbsp;&nbsp;&nbsp;&nbsp;&nbsp;&nbsp;&nbsp;&nbsp;&nbsp;&nbsp;  4 Tage pro Woche:&nbsp; &#8230;  Euro<\/p>\n\n\n\n<p><\/p>\n\n\n\n<p>Bastelbeitrag: 3 Euro im Monat<br>Essenspreis: 5\u20ac Euro pro Essen (wird nur bei Anwesenheit verrechnet)<\/p>\n\n\n\n<p><strong>Kontakt<\/strong>: Elisabeth Past<br>&nbsp;&nbsp;&nbsp;&nbsp;&nbsp;&nbsp;&nbsp;&nbsp;&nbsp;&nbsp;&nbsp;&nbsp;&nbsp;&nbsp;&nbsp; Leitung SNBTR O\u00d6 Hilfswerk GmbH<br>&nbsp;&nbsp;&nbsp;&nbsp;&nbsp;&nbsp;&nbsp;&nbsp;&nbsp;&nbsp;&nbsp;&nbsp;&nbsp;&nbsp;&nbsp; Mobil: 0664\/ 807652918<br>&nbsp;&nbsp;&nbsp;&nbsp;&nbsp;&nbsp;&nbsp;&nbsp;&nbsp;&nbsp;&nbsp;&nbsp;&nbsp;&nbsp;&nbsp; sbtr.neustift@ooe.hilfswerk.at<br><br><\/p>\n","protected":false},"excerpt":{"rendered":"<p>Sch\u00fclernachmittagsbetreuung an der VS Neustift seit September 2016 Vom warmen Mittagessen nach dem Unterricht, \u00fcber p\u00e4dagogische Unterst\u00fctzung bei der Haus\u00fcbung bis hin zum gemeinsamen Spielen! Die schulische Nachmittagsbetreuung ist eine von der Schule in Zusammenarbeit mit dem O\u00d6 Hilfswerk organisierte Betreuung. Sie unterteilt sich in: Anmeldung: ist bei der Schulleitung bekannt zu geben. Eine Anmeldung &hellip; <a href=\"https:\/\/vsneustift.at\/?page_id=38\" class=\"more-link\"><span class=\"screen-reader-text\">Nachmittagsbetreuung<\/span> weiterlesen<\/a><\/p>\n","protected":false},"author":1,"featured_media":2913,"parent":0,"menu_order":0,"comment_status":"closed","ping_status":"closed","template":"","meta":{"footnotes":""},"class_list":["post-38","page","type-page","status-publish","has-post-thumbnail","hentry"],"yoast_head":"<!-- This site is optimized with the Yoast SEO plugin v21.7 - https:\/\/yoast.com\/wordpress\/plugins\/seo\/ -->\n<title>Nachmittagsbetreuung - Volksschule Neustift im M\u00fchlkreis<\/title>\n<meta name=\"robots\" content=\"index, follow, max-snippet:-1, max-image-preview:large, max-video-preview:-1\" \/>\n<link rel=\"canonical\" href=\"https:\/\/vsneustift.at\/?page_id=38\" \/>\n<meta property=\"og:locale\" content=\"de_DE\" \/>\n<meta property=\"og:type\" content=\"article\" \/>\n<meta property=\"og:title\" content=\"Nachmittagsbetreuung - Volksschule Neustift im M\u00fchlkreis\" \/>\n<meta property=\"og:description\" content=\"Sch\u00fclernachmittagsbetreuung an der VS Neustift seit September 2016 Vom warmen Mittagessen nach dem Unterricht, \u00fcber p\u00e4dagogische Unterst\u00fctzung bei der Haus\u00fcbung bis hin zum gemeinsamen Spielen! Die schulische Nachmittagsbetreuung ist eine von der Schule in Zusammenarbeit mit dem O\u00d6 Hilfswerk organisierte Betreuung. Sie unterteilt sich in: Anmeldung: ist bei der Schulleitung bekannt zu geben. Eine Anmeldung &hellip; Nachmittagsbetreuung weiterlesen\" \/>\n<meta property=\"og:url\" content=\"https:\/\/vsneustift.at\/?page_id=38\" \/>\n<meta property=\"og:site_name\" content=\"Volksschule Neustift im M\u00fchlkreis\" \/>\n<meta property=\"article:modified_time\" content=\"2025-11-05T09:28:09+00:00\" \/>\n<meta property=\"og:image\" content=\"https:\/\/vsneustift.at\/wp-content\/uploads\/2024\/11\/NBTR-scaled.jpg\" \/>\n\t<meta property=\"og:image:width\" content=\"2560\" \/>\n\t<meta property=\"og:image:height\" content=\"1927\" \/>\n\t<meta property=\"og:image:type\" content=\"image\/jpeg\" \/>\n<meta name=\"twitter:card\" content=\"summary_large_image\" \/>\n<meta name=\"twitter:label1\" content=\"Gesch\u00e4tzte Lesezeit\" \/>\n\t<meta name=\"twitter:data1\" content=\"2\u00a0Minuten\" \/>\n<script type=\"application\/ld+json\" class=\"yoast-schema-graph\">{\"@context\":\"https:\/\/schema.org\",\"@graph\":[{\"@type\":\"WebPage\",\"@id\":\"https:\/\/vsneustift.at\/?page_id=38\",\"url\":\"https:\/\/vsneustift.at\/?page_id=38\",\"name\":\"Nachmittagsbetreuung - Volksschule Neustift im M\u00fchlkreis\",\"isPartOf\":{\"@id\":\"https:\/\/vsneustift.at\/#website\"},\"datePublished\":\"2020-10-26T11:50:33+00:00\",\"dateModified\":\"2025-11-05T09:28:09+00:00\",\"breadcrumb\":{\"@id\":\"https:\/\/vsneustift.at\/?page_id=38#breadcrumb\"},\"inLanguage\":\"de\",\"potentialAction\":[{\"@type\":\"ReadAction\",\"target\":[\"https:\/\/vsneustift.at\/?page_id=38\"]}]},{\"@type\":\"BreadcrumbList\",\"@id\":\"https:\/\/vsneustift.at\/?page_id=38#breadcrumb\",\"itemListElement\":[{\"@type\":\"ListItem\",\"position\":1,\"name\":\"Startseite\",\"item\":\"https:\/\/vsneustift.at\/\"},{\"@type\":\"ListItem\",\"position\":2,\"name\":\"Nachmittagsbetreuung\"}]},{\"@type\":\"WebSite\",\"@id\":\"https:\/\/vsneustift.at\/#website\",\"url\":\"https:\/\/vsneustift.at\/\",\"name\":\"Volksschule Neustift im M\u00fchlkreis\",\"description\":\"Schulstra\u00dfe 2, 4143 Neustift im M\u00fchlkreis. Eine aktive Schule mit musikalischen, kreativen und sportlichen Schwerpunkten sowie christlichen Werten und gelebter Schulpartnerschaft!\",\"publisher\":{\"@id\":\"https:\/\/vsneustift.at\/#organization\"},\"potentialAction\":[{\"@type\":\"SearchAction\",\"target\":{\"@type\":\"EntryPoint\",\"urlTemplate\":\"https:\/\/vsneustift.at\/?s={search_term_string}\"},\"query-input\":\"required name=search_term_string\"}],\"inLanguage\":\"de\"},{\"@type\":\"Organization\",\"@id\":\"https:\/\/vsneustift.at\/#organization\",\"name\":\"Volksschule Neustift i. M.\",\"url\":\"https:\/\/vsneustift.at\/\",\"logo\":{\"@type\":\"ImageObject\",\"inLanguage\":\"de\",\"@id\":\"https:\/\/vsneustift.at\/#\/schema\/logo\/image\/\",\"url\":\"https:\/\/vsneustift.at\/wp-content\/uploads\/2020\/10\/vs-logo-gut.jpg\",\"contentUrl\":\"https:\/\/vsneustift.at\/wp-content\/uploads\/2020\/10\/vs-logo-gut.jpg\",\"width\":861,\"height\":331,\"caption\":\"Volksschule Neustift i. M.\"},\"image\":{\"@id\":\"https:\/\/vsneustift.at\/#\/schema\/logo\/image\/\"}}]}<\/script>\n<!-- \/ Yoast SEO plugin. -->","yoast_head_json":{"title":"Nachmittagsbetreuung - Volksschule Neustift im M\u00fchlkreis","robots":{"index":"index","follow":"follow","max-snippet":"max-snippet:-1","max-image-preview":"max-image-preview:large","max-video-preview":"max-video-preview:-1"},"canonical":"https:\/\/vsneustift.at\/?page_id=38","og_locale":"de_DE","og_type":"article","og_title":"Nachmittagsbetreuung - Volksschule Neustift im M\u00fchlkreis","og_description":"Sch\u00fclernachmittagsbetreuung an der VS Neustift seit September 2016 Vom warmen Mittagessen nach dem Unterricht, \u00fcber p\u00e4dagogische Unterst\u00fctzung bei der Haus\u00fcbung bis hin zum gemeinsamen Spielen! Die schulische Nachmittagsbetreuung ist eine von der Schule in Zusammenarbeit mit dem O\u00d6 Hilfswerk organisierte Betreuung. Sie unterteilt sich in: Anmeldung: ist bei der Schulleitung bekannt zu geben. Eine Anmeldung &hellip; Nachmittagsbetreuung weiterlesen","og_url":"https:\/\/vsneustift.at\/?page_id=38","og_site_name":"Volksschule Neustift im M\u00fchlkreis","article_modified_time":"2025-11-05T09:28:09+00:00","og_image":[{"width":2560,"height":1927,"url":"https:\/\/vsneustift.at\/wp-content\/uploads\/2024\/11\/NBTR-scaled.jpg","type":"image\/jpeg"}],"twitter_card":"summary_large_image","twitter_misc":{"Gesch\u00e4tzte Lesezeit":"2\u00a0Minuten"},"schema":{"@context":"https:\/\/schema.org","@graph":[{"@type":"WebPage","@id":"https:\/\/vsneustift.at\/?page_id=38","url":"https:\/\/vsneustift.at\/?page_id=38","name":"Nachmittagsbetreuung - Volksschule Neustift im M\u00fchlkreis","isPartOf":{"@id":"https:\/\/vsneustift.at\/#website"},"datePublished":"2020-10-26T11:50:33+00:00","dateModified":"2025-11-05T09:28:09+00:00","breadcrumb":{"@id":"https:\/\/vsneustift.at\/?page_id=38#breadcrumb"},"inLanguage":"de","potentialAction":[{"@type":"ReadAction","target":["https:\/\/vsneustift.at\/?page_id=38"]}]},{"@type":"BreadcrumbList","@id":"https:\/\/vsneustift.at\/?page_id=38#breadcrumb","itemListElement":[{"@type":"ListItem","position":1,"name":"Startseite","item":"https:\/\/vsneustift.at\/"},{"@type":"ListItem","position":2,"name":"Nachmittagsbetreuung"}]},{"@type":"WebSite","@id":"https:\/\/vsneustift.at\/#website","url":"https:\/\/vsneustift.at\/","name":"Volksschule Neustift im M\u00fchlkreis","description":"Schulstra\u00dfe 2, 4143 Neustift im M\u00fchlkreis. Eine aktive Schule mit musikalischen, kreativen und sportlichen Schwerpunkten sowie christlichen Werten und gelebter Schulpartnerschaft!","publisher":{"@id":"https:\/\/vsneustift.at\/#organization"},"potentialAction":[{"@type":"SearchAction","target":{"@type":"EntryPoint","urlTemplate":"https:\/\/vsneustift.at\/?s={search_term_string}"},"query-input":"required name=search_term_string"}],"inLanguage":"de"},{"@type":"Organization","@id":"https:\/\/vsneustift.at\/#organization","name":"Volksschule Neustift i. M.","url":"https:\/\/vsneustift.at\/","logo":{"@type":"ImageObject","inLanguage":"de","@id":"https:\/\/vsneustift.at\/#\/schema\/logo\/image\/","url":"https:\/\/vsneustift.at\/wp-content\/uploads\/2020\/10\/vs-logo-gut.jpg","contentUrl":"https:\/\/vsneustift.at\/wp-content\/uploads\/2020\/10\/vs-logo-gut.jpg","width":861,"height":331,"caption":"Volksschule Neustift i. M."},"image":{"@id":"https:\/\/vsneustift.at\/#\/schema\/logo\/image\/"}}]}},"_links":{"self":[{"href":"https:\/\/vsneustift.at\/index.php?rest_route=\/wp\/v2\/pages\/38","targetHints":{"allow":["GET"]}}],"collection":[{"href":"https:\/\/vsneustift.at\/index.php?rest_route=\/wp\/v2\/pages"}],"about":[{"href":"https:\/\/vsneustift.at\/index.php?rest_route=\/wp\/v2\/types\/page"}],"author":[{"embeddable":true,"href":"https:\/\/vsneustift.at\/index.php?rest_route=\/wp\/v2\/users\/1"}],"replies":[{"embeddable":true,"href":"https:\/\/vsneustift.at\/index.php?rest_route=%2Fwp%2Fv2%2Fcomments&post=38"}],"version-history":[{"count":7,"href":"https:\/\/vsneustift.at\/index.php?rest_route=\/wp\/v2\/pages\/38\/revisions"}],"predecessor-version":[{"id":2986,"href":"https:\/\/vsneustift.at\/index.php?rest_route=\/wp\/v2\/pages\/38\/revisions\/2986"}],"wp:featuredmedia":[{"embeddable":true,"href":"https:\/\/vsneustift.at\/index.php?rest_route=\/wp\/v2\/media\/2913"}],"wp:attachment":[{"href":"https:\/\/vsneustift.at\/index.php?rest_route=%2Fwp%2Fv2%2Fmedia&parent=38"}],"curies":[{"name":"wp","href":"https:\/\/api.w.org\/{rel}","templated":true}]}}