{"id":378,"date":"2020-11-15T19:04:49","date_gmt":"2020-11-15T18:04:49","guid":{"rendered":"https:\/\/vsneustift.wordpress.com\/?page_id=378"},"modified":"2022-09-05T13:08:10","modified_gmt":"2022-09-05T13:08:10","slug":"archiv","status":"publish","type":"page","link":"https:\/\/vsneustift.at\/?page_id=378","title":{"rendered":"Archiv"},"content":{"rendered":"\n<p>Wir starten in ein neues Schuljahr: 2022\/2023!<\/p>\n\n\n\n<p>Wir schaffen das! \ud83d\ude42<\/p>\n","protected":false},"excerpt":{"rendered":"<p>Wir starten in ein neues Schuljahr: 2022\/2023! Wir schaffen das! \ud83d\ude42<\/p>\n","protected":false},"author":1,"featured_media":0,"parent":0,"menu_order":0,"comment_status":"closed","ping_status":"closed","template":"","meta":{"footnotes":""},"class_list":["post-378","page","type-page","status-publish","hentry"],"yoast_head":"<!-- This site is optimized with the Yoast SEO plugin v21.7 - https:\/\/yoast.com\/wordpress\/plugins\/seo\/ -->\n<title>Archiv - Volksschule Neustift im M\u00fchlkreis<\/title>\n<meta name=\"robots\" content=\"index, follow, max-snippet:-1, max-image-preview:large, max-video-preview:-1\" \/>\n<link rel=\"canonical\" href=\"https:\/\/vsneustift.at\/?page_id=378\" \/>\n<meta property=\"og:locale\" content=\"de_DE\" \/>\n<meta property=\"og:type\" content=\"article\" \/>\n<meta property=\"og:title\" content=\"Archiv - Volksschule Neustift im M\u00fchlkreis\" \/>\n<meta property=\"og:description\" content=\"Wir starten in ein neues Schuljahr: 2022\/2023! Wir schaffen das! \ud83d\ude42\" \/>\n<meta property=\"og:url\" content=\"https:\/\/vsneustift.at\/?page_id=378\" \/>\n<meta property=\"og:site_name\" content=\"Volksschule Neustift im M\u00fchlkreis\" \/>\n<meta property=\"article:modified_time\" content=\"2022-09-05T13:08:10+00:00\" \/>\n<meta name=\"twitter:card\" content=\"summary_large_image\" \/>\n<meta name=\"twitter:label1\" content=\"Gesch\u00e4tzte Lesezeit\" \/>\n\t<meta name=\"twitter:data1\" content=\"1\u00a0Minute\" \/>\n<script type=\"application\/ld+json\" class=\"yoast-schema-graph\">{\"@context\":\"https:\/\/schema.org\",\"@graph\":[{\"@type\":\"WebPage\",\"@id\":\"https:\/\/vsneustift.at\/?page_id=378\",\"url\":\"https:\/\/vsneustift.at\/?page_id=378\",\"name\":\"Archiv - Volksschule Neustift im M\u00fchlkreis\",\"isPartOf\":{\"@id\":\"https:\/\/vsneustift.at\/#website\"},\"datePublished\":\"2020-11-15T18:04:49+00:00\",\"dateModified\":\"2022-09-05T13:08:10+00:00\",\"breadcrumb\":{\"@id\":\"https:\/\/vsneustift.at\/?page_id=378#breadcrumb\"},\"inLanguage\":\"de\",\"potentialAction\":[{\"@type\":\"ReadAction\",\"target\":[\"https:\/\/vsneustift.at\/?page_id=378\"]}]},{\"@type\":\"BreadcrumbList\",\"@id\":\"https:\/\/vsneustift.at\/?page_id=378#breadcrumb\",\"itemListElement\":[{\"@type\":\"ListItem\",\"position\":1,\"name\":\"Startseite\",\"item\":\"https:\/\/vsneustift.at\/\"},{\"@type\":\"ListItem\",\"position\":2,\"name\":\"Archiv\"}]},{\"@type\":\"WebSite\",\"@id\":\"https:\/\/vsneustift.at\/#website\",\"url\":\"https:\/\/vsneustift.at\/\",\"name\":\"Volksschule Neustift im M\u00fchlkreis\",\"description\":\"Schulstra\u00dfe 2, 4143 Neustift im M\u00fchlkreis. Eine aktive Schule mit musikalischen, kreativen und sportlichen Schwerpunkten sowie christlichen Werten und gelebter Schulpartnerschaft!\",\"publisher\":{\"@id\":\"https:\/\/vsneustift.at\/#organization\"},\"potentialAction\":[{\"@type\":\"SearchAction\",\"target\":{\"@type\":\"EntryPoint\",\"urlTemplate\":\"https:\/\/vsneustift.at\/?s={search_term_string}\"},\"query-input\":\"required name=search_term_string\"}],\"inLanguage\":\"de\"},{\"@type\":\"Organization\",\"@id\":\"https:\/\/vsneustift.at\/#organization\",\"name\":\"Volksschule Neustift i. M.\",\"url\":\"https:\/\/vsneustift.at\/\",\"logo\":{\"@type\":\"ImageObject\",\"inLanguage\":\"de\",\"@id\":\"https:\/\/vsneustift.at\/#\/schema\/logo\/image\/\",\"url\":\"https:\/\/vsneustift.at\/wp-content\/uploads\/2020\/10\/vs-logo-gut.jpg\",\"contentUrl\":\"https:\/\/vsneustift.at\/wp-content\/uploads\/2020\/10\/vs-logo-gut.jpg\",\"width\":861,\"height\":331,\"caption\":\"Volksschule Neustift i. M.\"},\"image\":{\"@id\":\"https:\/\/vsneustift.at\/#\/schema\/logo\/image\/\"}}]}<\/script>\n<!-- \/ Yoast SEO plugin. -->","yoast_head_json":{"title":"Archiv - Volksschule Neustift im M\u00fchlkreis","robots":{"index":"index","follow":"follow","max-snippet":"max-snippet:-1","max-image-preview":"max-image-preview:large","max-video-preview":"max-video-preview:-1"},"canonical":"https:\/\/vsneustift.at\/?page_id=378","og_locale":"de_DE","og_type":"article","og_title":"Archiv - Volksschule Neustift im M\u00fchlkreis","og_description":"Wir starten in ein neues Schuljahr: 2022\/2023! Wir schaffen das! \ud83d\ude42","og_url":"https:\/\/vsneustift.at\/?page_id=378","og_site_name":"Volksschule Neustift im M\u00fchlkreis","article_modified_time":"2022-09-05T13:08:10+00:00","twitter_card":"summary_large_image","twitter_misc":{"Gesch\u00e4tzte Lesezeit":"1\u00a0Minute"},"schema":{"@context":"https:\/\/schema.org","@graph":[{"@type":"WebPage","@id":"https:\/\/vsneustift.at\/?page_id=378","url":"https:\/\/vsneustift.at\/?page_id=378","name":"Archiv - Volksschule Neustift im M\u00fchlkreis","isPartOf":{"@id":"https:\/\/vsneustift.at\/#website"},"datePublished":"2020-11-15T18:04:49+00:00","dateModified":"2022-09-05T13:08:10+00:00","breadcrumb":{"@id":"https:\/\/vsneustift.at\/?page_id=378#breadcrumb"},"inLanguage":"de","potentialAction":[{"@type":"ReadAction","target":["https:\/\/vsneustift.at\/?page_id=378"]}]},{"@type":"BreadcrumbList","@id":"https:\/\/vsneustift.at\/?page_id=378#breadcrumb","itemListElement":[{"@type":"ListItem","position":1,"name":"Startseite","item":"https:\/\/vsneustift.at\/"},{"@type":"ListItem","position":2,"name":"Archiv"}]},{"@type":"WebSite","@id":"https:\/\/vsneustift.at\/#website","url":"https:\/\/vsneustift.at\/","name":"Volksschule Neustift im M\u00fchlkreis","description":"Schulstra\u00dfe 2, 4143 Neustift im M\u00fchlkreis. Eine aktive Schule mit musikalischen, kreativen und sportlichen Schwerpunkten sowie christlichen Werten und gelebter Schulpartnerschaft!","publisher":{"@id":"https:\/\/vsneustift.at\/#organization"},"potentialAction":[{"@type":"SearchAction","target":{"@type":"EntryPoint","urlTemplate":"https:\/\/vsneustift.at\/?s={search_term_string}"},"query-input":"required name=search_term_string"}],"inLanguage":"de"},{"@type":"Organization","@id":"https:\/\/vsneustift.at\/#organization","name":"Volksschule Neustift i. M.","url":"https:\/\/vsneustift.at\/","logo":{"@type":"ImageObject","inLanguage":"de","@id":"https:\/\/vsneustift.at\/#\/schema\/logo\/image\/","url":"https:\/\/vsneustift.at\/wp-content\/uploads\/2020\/10\/vs-logo-gut.jpg","contentUrl":"https:\/\/vsneustift.at\/wp-content\/uploads\/2020\/10\/vs-logo-gut.jpg","width":861,"height":331,"caption":"Volksschule Neustift i. M."},"image":{"@id":"https:\/\/vsneustift.at\/#\/schema\/logo\/image\/"}}]}},"_links":{"self":[{"href":"https:\/\/vsneustift.at\/index.php?rest_route=\/wp\/v2\/pages\/378","targetHints":{"allow":["GET"]}}],"collection":[{"href":"https:\/\/vsneustift.at\/index.php?rest_route=\/wp\/v2\/pages"}],"about":[{"href":"https:\/\/vsneustift.at\/index.php?rest_route=\/wp\/v2\/types\/page"}],"author":[{"embeddable":true,"href":"https:\/\/vsneustift.at\/index.php?rest_route=\/wp\/v2\/users\/1"}],"replies":[{"embeddable":true,"href":"https:\/\/vsneustift.at\/index.php?rest_route=%2Fwp%2Fv2%2Fcomments&post=378"}],"version-history":[{"count":4,"href":"https:\/\/vsneustift.at\/index.php?rest_route=\/wp\/v2\/pages\/378\/revisions"}],"predecessor-version":[{"id":1384,"href":"https:\/\/vsneustift.at\/index.php?rest_route=\/wp\/v2\/pages\/378\/revisions\/1384"}],"wp:attachment":[{"href":"https:\/\/vsneustift.at\/index.php?rest_route=%2Fwp%2Fv2%2Fmedia&parent=378"}],"curies":[{"name":"wp","href":"https:\/\/api.w.org\/{rel}","templated":true}]}}